{"id":574,"date":"2020-04-15T16:41:56","date_gmt":"2020-04-15T14:41:56","guid":{"rendered":"http:\/\/prisma-e.com\/produkty-a-riesenia\/verniciatura-a-polvere\/"},"modified":"2020-10-12T13:38:33","modified_gmt":"2020-10-12T11:38:33","slug":"verniciatura-a-polvere","status":"publish","type":"page","link":"https:\/\/prisma-e.com\/sk\/produkty-a-riesenia\/verniciatura-a-polvere\/","title":{"rendered":"Pr\u00e1\u0161kov\u00e9 lakovanie"},"content":{"rendered":"\n<h4 class=\"wp-block-heading\">U\u017eito\u010dn\u00e9 rozmery statickej pece 3.000&#215;2.750&#215;6.000mm<\/h4>\n\n\n\n<figure class=\"wp-block-gallery columns-3 is-cropped prodotti wp-block-gallery-1 is-layout-flex wp-block-gallery-is-layout-flex\"><ul class=\"blocks-gallery-grid\"><li class=\"blocks-gallery-item\"><figure><img loading=\"lazy\" decoding=\"async\" width=\"1024\" height=\"541\" src=\"http:\/\/prisma-e.com\/wp-content\/uploads\/4Vern_Immagine-1024x541.jpg\" alt=\"\" data-id=\"289\" data-full-url=\"http:\/\/prisma-e.com\/wp-content\/uploads\/4Vern_Immagine.jpg\" data-link=\"http:\/\/prisma-e.com\/prodotti-e-soluzioni\/verniciatura-a-polvere\/attachment\/4vern_immagine\/\" class=\"wp-image-289\" srcset=\"https:\/\/prisma-e.com\/wp-content\/uploads\/4Vern_Immagine-1024x541.jpg 1024w, https:\/\/prisma-e.com\/wp-content\/uploads\/4Vern_Immagine-300x159.jpg 300w, https:\/\/prisma-e.com\/wp-content\/uploads\/4Vern_Immagine-768x406.jpg 768w, https:\/\/prisma-e.com\/wp-content\/uploads\/4Vern_Immagine.jpg 1250w\" sizes=\"(max-width: 1024px) 100vw, 1024px\" \/><\/figure><\/li><li class=\"blocks-gallery-item\"><figure><img loading=\"lazy\" decoding=\"async\" width=\"877\" height=\"660\" src=\"http:\/\/prisma-e.com\/wp-content\/uploads\/4Verniciatura-.jpg\" alt=\"\" data-id=\"295\" data-full-url=\"http:\/\/prisma-e.com\/wp-content\/uploads\/4Verniciatura-.jpg\" data-link=\"http:\/\/prisma-e.com\/prodotti-e-soluzioni\/verniciatura-a-polvere\/attachment\/4verniciatura\/\" class=\"wp-image-295\" srcset=\"https:\/\/prisma-e.com\/wp-content\/uploads\/4Verniciatura-.jpg 877w, https:\/\/prisma-e.com\/wp-content\/uploads\/4Verniciatura--300x226.jpg 300w, https:\/\/prisma-e.com\/wp-content\/uploads\/4Verniciatura--768x578.jpg 768w\" sizes=\"(max-width: 877px) 100vw, 877px\" \/><\/figure><\/li><li class=\"blocks-gallery-item\"><figure><img loading=\"lazy\" decoding=\"async\" width=\"865\" height=\"658\" src=\"http:\/\/prisma-e.com\/wp-content\/uploads\/4Verniciatura.jpg\" alt=\"\" data-id=\"301\" data-full-url=\"http:\/\/prisma-e.com\/wp-content\/uploads\/4Verniciatura.jpg\" data-link=\"http:\/\/prisma-e.com\/prodotti-e-soluzioni\/verniciatura-a-polvere\/attachment\/4verniciatura-2\/\" class=\"wp-image-301\" srcset=\"https:\/\/prisma-e.com\/wp-content\/uploads\/4Verniciatura.jpg 865w, https:\/\/prisma-e.com\/wp-content\/uploads\/4Verniciatura-300x228.jpg 300w, https:\/\/prisma-e.com\/wp-content\/uploads\/4Verniciatura-768x584.jpg 768w\" sizes=\"(max-width: 865px) 100vw, 865px\" \/><\/figure><\/li><\/ul><\/figure>\n","protected":false},"excerpt":{"rendered":"<p>U\u017eito\u010dn\u00e9 rozmery statickej pece 3.000&#215;2.750&#215;6.000mm<\/p>\n","protected":false},"author":1,"featured_media":0,"parent":508,"menu_order":0,"comment_status":"closed","ping_status":"closed","template":"","meta":{"footnotes":""},"yoast_head":"<!-- This site is optimized with the Yoast SEO plugin v22.9 - https:\/\/yoast.com\/wordpress\/plugins\/seo\/ -->\n<title>Pr\u00e1\u0161kov\u00e9 lakovanie - Prisma Engineering<\/title>\n<meta name=\"robots\" content=\"index, follow, max-snippet:-1, max-image-preview:large, max-video-preview:-1\" \/>\n<link rel=\"canonical\" href=\"https:\/\/prisma-e.com\/sk\/produkty-a-riesenia\/verniciatura-a-polvere\/\" \/>\n<meta property=\"og:locale\" content=\"sk_SK\" \/>\n<meta property=\"og:type\" content=\"article\" \/>\n<meta property=\"og:title\" content=\"Pr\u00e1\u0161kov\u00e9 lakovanie - Prisma Engineering\" \/>\n<meta property=\"og:description\" content=\"U\u017eito\u010dn\u00e9 rozmery statickej pece 3.000&#215;2.750&#215;6.000mm\" \/>\n<meta property=\"og:url\" content=\"https:\/\/prisma-e.com\/sk\/produkty-a-riesenia\/verniciatura-a-polvere\/\" \/>\n<meta property=\"og:site_name\" content=\"Prisma Engineering\" \/>\n<meta property=\"article:modified_time\" content=\"2020-10-12T11:38:33+00:00\" \/>\n<meta property=\"og:image\" content=\"http:\/\/prisma-e.com\/wp-content\/uploads\/4Vern_Immagine-1024x541.jpg\" \/>\n<meta name=\"twitter:card\" content=\"summary_large_image\" \/>\n<script type=\"application\/ld+json\" class=\"yoast-schema-graph\">{\"@context\":\"https:\/\/schema.org\",\"@graph\":[{\"@type\":\"WebPage\",\"@id\":\"https:\/\/prisma-e.com\/sk\/produkty-a-riesenia\/verniciatura-a-polvere\/\",\"url\":\"https:\/\/prisma-e.com\/sk\/produkty-a-riesenia\/verniciatura-a-polvere\/\",\"name\":\"Pr\u00e1\u0161kov\u00e9 lakovanie - Prisma Engineering\",\"isPartOf\":{\"@id\":\"\/#website\"},\"primaryImageOfPage\":{\"@id\":\"https:\/\/prisma-e.com\/sk\/produkty-a-riesenia\/verniciatura-a-polvere\/#primaryimage\"},\"image\":{\"@id\":\"https:\/\/prisma-e.com\/sk\/produkty-a-riesenia\/verniciatura-a-polvere\/#primaryimage\"},\"thumbnailUrl\":\"http:\/\/prisma-e.com\/wp-content\/uploads\/4Vern_Immagine-1024x541.jpg\",\"datePublished\":\"2020-04-15T14:41:56+00:00\",\"dateModified\":\"2020-10-12T11:38:33+00:00\",\"breadcrumb\":{\"@id\":\"https:\/\/prisma-e.com\/sk\/produkty-a-riesenia\/verniciatura-a-polvere\/#breadcrumb\"},\"inLanguage\":\"sk-SK\",\"potentialAction\":[{\"@type\":\"ReadAction\",\"target\":[\"https:\/\/prisma-e.com\/sk\/produkty-a-riesenia\/verniciatura-a-polvere\/\"]}]},{\"@type\":\"ImageObject\",\"inLanguage\":\"sk-SK\",\"@id\":\"https:\/\/prisma-e.com\/sk\/produkty-a-riesenia\/verniciatura-a-polvere\/#primaryimage\",\"url\":\"http:\/\/prisma-e.com\/wp-content\/uploads\/4Vern_Immagine-1024x541.jpg\",\"contentUrl\":\"http:\/\/prisma-e.com\/wp-content\/uploads\/4Vern_Immagine-1024x541.jpg\"},{\"@type\":\"BreadcrumbList\",\"@id\":\"https:\/\/prisma-e.com\/sk\/produkty-a-riesenia\/verniciatura-a-polvere\/#breadcrumb\",\"itemListElement\":[{\"@type\":\"ListItem\",\"position\":1,\"name\":\"Home\",\"item\":\"https:\/\/prisma-e.com\/sk\/products-and-solutions\/\"},{\"@type\":\"ListItem\",\"position\":2,\"name\":\"Pr\u00e1\u0161kov\u00e9 lakovanie\"}]},{\"@type\":\"WebSite\",\"@id\":\"\/#website\",\"url\":\"\/\",\"name\":\"Prisma Engineering\",\"description\":\"Automotive Containers\",\"potentialAction\":[{\"@type\":\"SearchAction\",\"target\":{\"@type\":\"EntryPoint\",\"urlTemplate\":\"\/?s={search_term_string}\"},\"query-input\":\"required name=search_term_string\"}],\"inLanguage\":\"sk-SK\"}]}<\/script>\n<!-- \/ Yoast SEO plugin. -->","yoast_head_json":{"title":"Pr\u00e1\u0161kov\u00e9 lakovanie - Prisma Engineering","robots":{"index":"index","follow":"follow","max-snippet":"max-snippet:-1","max-image-preview":"max-image-preview:large","max-video-preview":"max-video-preview:-1"},"canonical":"https:\/\/prisma-e.com\/sk\/produkty-a-riesenia\/verniciatura-a-polvere\/","og_locale":"sk_SK","og_type":"article","og_title":"Pr\u00e1\u0161kov\u00e9 lakovanie - Prisma Engineering","og_description":"U\u017eito\u010dn\u00e9 rozmery statickej pece 3.000&#215;2.750&#215;6.000mm","og_url":"https:\/\/prisma-e.com\/sk\/produkty-a-riesenia\/verniciatura-a-polvere\/","og_site_name":"Prisma Engineering","article_modified_time":"2020-10-12T11:38:33+00:00","og_image":[{"url":"http:\/\/prisma-e.com\/wp-content\/uploads\/4Vern_Immagine-1024x541.jpg"}],"twitter_card":"summary_large_image","schema":{"@context":"https:\/\/schema.org","@graph":[{"@type":"WebPage","@id":"https:\/\/prisma-e.com\/sk\/produkty-a-riesenia\/verniciatura-a-polvere\/","url":"https:\/\/prisma-e.com\/sk\/produkty-a-riesenia\/verniciatura-a-polvere\/","name":"Pr\u00e1\u0161kov\u00e9 lakovanie - Prisma Engineering","isPartOf":{"@id":"\/#website"},"primaryImageOfPage":{"@id":"https:\/\/prisma-e.com\/sk\/produkty-a-riesenia\/verniciatura-a-polvere\/#primaryimage"},"image":{"@id":"https:\/\/prisma-e.com\/sk\/produkty-a-riesenia\/verniciatura-a-polvere\/#primaryimage"},"thumbnailUrl":"http:\/\/prisma-e.com\/wp-content\/uploads\/4Vern_Immagine-1024x541.jpg","datePublished":"2020-04-15T14:41:56+00:00","dateModified":"2020-10-12T11:38:33+00:00","breadcrumb":{"@id":"https:\/\/prisma-e.com\/sk\/produkty-a-riesenia\/verniciatura-a-polvere\/#breadcrumb"},"inLanguage":"sk-SK","potentialAction":[{"@type":"ReadAction","target":["https:\/\/prisma-e.com\/sk\/produkty-a-riesenia\/verniciatura-a-polvere\/"]}]},{"@type":"ImageObject","inLanguage":"sk-SK","@id":"https:\/\/prisma-e.com\/sk\/produkty-a-riesenia\/verniciatura-a-polvere\/#primaryimage","url":"http:\/\/prisma-e.com\/wp-content\/uploads\/4Vern_Immagine-1024x541.jpg","contentUrl":"http:\/\/prisma-e.com\/wp-content\/uploads\/4Vern_Immagine-1024x541.jpg"},{"@type":"BreadcrumbList","@id":"https:\/\/prisma-e.com\/sk\/produkty-a-riesenia\/verniciatura-a-polvere\/#breadcrumb","itemListElement":[{"@type":"ListItem","position":1,"name":"Home","item":"https:\/\/prisma-e.com\/sk\/products-and-solutions\/"},{"@type":"ListItem","position":2,"name":"Pr\u00e1\u0161kov\u00e9 lakovanie"}]},{"@type":"WebSite","@id":"\/#website","url":"\/","name":"Prisma Engineering","description":"Automotive Containers","potentialAction":[{"@type":"SearchAction","target":{"@type":"EntryPoint","urlTemplate":"\/?s={search_term_string}"},"query-input":"required name=search_term_string"}],"inLanguage":"sk-SK"}]}},"_links":{"self":[{"href":"https:\/\/prisma-e.com\/sk\/wp-json\/wp\/v2\/pages\/574"}],"collection":[{"href":"https:\/\/prisma-e.com\/sk\/wp-json\/wp\/v2\/pages"}],"about":[{"href":"https:\/\/prisma-e.com\/sk\/wp-json\/wp\/v2\/types\/page"}],"author":[{"embeddable":true,"href":"https:\/\/prisma-e.com\/sk\/wp-json\/wp\/v2\/users\/1"}],"replies":[{"embeddable":true,"href":"https:\/\/prisma-e.com\/sk\/wp-json\/wp\/v2\/comments?post=574"}],"version-history":[{"count":2,"href":"https:\/\/prisma-e.com\/sk\/wp-json\/wp\/v2\/pages\/574\/revisions"}],"predecessor-version":[{"id":801,"href":"https:\/\/prisma-e.com\/sk\/wp-json\/wp\/v2\/pages\/574\/revisions\/801"}],"up":[{"embeddable":true,"href":"https:\/\/prisma-e.com\/sk\/wp-json\/wp\/v2\/pages\/508"}],"wp:attachment":[{"href":"https:\/\/prisma-e.com\/sk\/wp-json\/wp\/v2\/media?parent=574"}],"curies":[{"name":"wp","href":"https:\/\/api.w.org\/{rel}","templated":true}]}}