{"id":535,"date":"2020-04-15T16:40:02","date_gmt":"2020-04-15T14:40:02","guid":{"rendered":"http:\/\/prisma-e.com\/produkty-a-riesenia\/contenitori-specifici\/"},"modified":"2024-06-19T01:30:21","modified_gmt":"2024-06-18T23:30:21","slug":"specialne-kontajnery","status":"publish","type":"page","link":"https:\/\/prisma-e.com\/sk\/produkty-a-riesenia\/specialne-kontajnery\/","title":{"rendered":"\u0160peci\u00e1lne kontajnery"},"content":{"rendered":"\n<div class=\"wp-block-group\"><div class=\"wp-block-group__inner-container is-layout-flow wp-block-group-is-layout-flow\">\n<figure class=\"wp-block-gallery has-nested-images columns-3 is-cropped prodotti wp-block-gallery-1 is-layout-flex wp-block-gallery-is-layout-flex\">\n<figure class=\"wp-block-image size-large\"><img loading=\"lazy\" decoding=\"async\" width=\"1024\" height=\"550\" src=\"https:\/\/prisma-e.com\/wp-content\/uploads\/eurosk1-1-1024x550.jpg\" alt=\"\" class=\"wp-image-319\" srcset=\"https:\/\/prisma-e.com\/wp-content\/uploads\/eurosk1-1-1024x550.jpg 1024w, https:\/\/prisma-e.com\/wp-content\/uploads\/eurosk1-1-300x161.jpg 300w, https:\/\/prisma-e.com\/wp-content\/uploads\/eurosk1-1-768x413.jpg 768w, https:\/\/prisma-e.com\/wp-content\/uploads\/eurosk1-1-1536x826.jpg 1536w, https:\/\/prisma-e.com\/wp-content\/uploads\/eurosk1-1.jpg 2000w\" sizes=\"(max-width: 1024px) 100vw, 1024px\" \/><\/figure>\n\n\n\n<figure class=\"wp-block-image size-large\"><img loading=\"lazy\" decoding=\"async\" width=\"1024\" height=\"576\" src=\"https:\/\/prisma-e.com\/wp-content\/uploads\/eurosk2-1024x576.jpg\" alt=\"\" class=\"wp-image-325\" srcset=\"https:\/\/prisma-e.com\/wp-content\/uploads\/eurosk2-1024x576.jpg 1024w, https:\/\/prisma-e.com\/wp-content\/uploads\/eurosk2-300x169.jpg 300w, https:\/\/prisma-e.com\/wp-content\/uploads\/eurosk2-768x432.jpg 768w, https:\/\/prisma-e.com\/wp-content\/uploads\/eurosk2-1536x864.jpg 1536w, https:\/\/prisma-e.com\/wp-content\/uploads\/eurosk2.jpg 2000w\" sizes=\"(max-width: 1024px) 100vw, 1024px\" \/><\/figure>\n\n\n\n<figure class=\"wp-block-image size-large\"><img loading=\"lazy\" decoding=\"async\" width=\"1024\" height=\"575\" src=\"https:\/\/prisma-e.com\/wp-content\/uploads\/eurosk3-1024x575.jpg\" alt=\"\" class=\"wp-image-331\" srcset=\"https:\/\/prisma-e.com\/wp-content\/uploads\/eurosk3-1024x575.jpg 1024w, https:\/\/prisma-e.com\/wp-content\/uploads\/eurosk3-300x169.jpg 300w, https:\/\/prisma-e.com\/wp-content\/uploads\/eurosk3-768x432.jpg 768w, https:\/\/prisma-e.com\/wp-content\/uploads\/eurosk3-1536x863.jpg 1536w, https:\/\/prisma-e.com\/wp-content\/uploads\/eurosk3.jpg 2000w\" sizes=\"(max-width: 1024px) 100vw, 1024px\" \/><\/figure>\n\n\n\n<figure class=\"wp-block-image size-large\"><img loading=\"lazy\" decoding=\"async\" width=\"1024\" height=\"576\" src=\"https:\/\/prisma-e.com\/wp-content\/uploads\/eurosk4-1024x576.jpg\" alt=\"\" class=\"wp-image-337\" srcset=\"https:\/\/prisma-e.com\/wp-content\/uploads\/eurosk4-1024x576.jpg 1024w, https:\/\/prisma-e.com\/wp-content\/uploads\/eurosk4-300x169.jpg 300w, https:\/\/prisma-e.com\/wp-content\/uploads\/eurosk4-768x432.jpg 768w, https:\/\/prisma-e.com\/wp-content\/uploads\/eurosk4-1536x864.jpg 1536w, https:\/\/prisma-e.com\/wp-content\/uploads\/eurosk4.jpg 2000w\" sizes=\"(max-width: 1024px) 100vw, 1024px\" \/><\/figure>\n\n\n\n<figure class=\"wp-block-image size-large\"><img loading=\"lazy\" decoding=\"async\" width=\"1024\" height=\"575\" src=\"https:\/\/prisma-e.com\/wp-content\/uploads\/eurosk5-1024x575.jpg\" alt=\"\" class=\"wp-image-344\" srcset=\"https:\/\/prisma-e.com\/wp-content\/uploads\/eurosk5-1024x575.jpg 1024w, https:\/\/prisma-e.com\/wp-content\/uploads\/eurosk5-300x168.jpg 300w, https:\/\/prisma-e.com\/wp-content\/uploads\/eurosk5-768x431.jpg 768w, https:\/\/prisma-e.com\/wp-content\/uploads\/eurosk5-1536x862.jpg 1536w, https:\/\/prisma-e.com\/wp-content\/uploads\/eurosk5.jpg 2000w\" sizes=\"(max-width: 1024px) 100vw, 1024px\" \/><\/figure>\n\n\n\n<figure class=\"wp-block-image size-large\"><img loading=\"lazy\" decoding=\"async\" width=\"1024\" height=\"576\" src=\"https:\/\/prisma-e.com\/wp-content\/uploads\/eurosk6-1024x576.jpg\" alt=\"\" class=\"wp-image-351\" srcset=\"https:\/\/prisma-e.com\/wp-content\/uploads\/eurosk6-1024x576.jpg 1024w, https:\/\/prisma-e.com\/wp-content\/uploads\/eurosk6-300x169.jpg 300w, https:\/\/prisma-e.com\/wp-content\/uploads\/eurosk6-768x432.jpg 768w, https:\/\/prisma-e.com\/wp-content\/uploads\/eurosk6-1536x864.jpg 1536w, https:\/\/prisma-e.com\/wp-content\/uploads\/eurosk6.jpg 2000w\" sizes=\"(max-width: 1024px) 100vw, 1024px\" \/><\/figure>\n\n\n\n<figure class=\"wp-block-image size-large\"><img loading=\"lazy\" decoding=\"async\" width=\"1024\" height=\"576\" src=\"https:\/\/prisma-e.com\/wp-content\/uploads\/contenitore_specifico2020-2-1024x576.jpg\" alt=\"\" class=\"wp-image-721\" srcset=\"https:\/\/prisma-e.com\/wp-content\/uploads\/contenitore_specifico2020-2-1024x576.jpg 1024w, https:\/\/prisma-e.com\/wp-content\/uploads\/contenitore_specifico2020-2-300x169.jpg 300w, https:\/\/prisma-e.com\/wp-content\/uploads\/contenitore_specifico2020-2-768x432.jpg 768w, https:\/\/prisma-e.com\/wp-content\/uploads\/contenitore_specifico2020-2-1536x864.jpg 1536w, https:\/\/prisma-e.com\/wp-content\/uploads\/contenitore_specifico2020-2.jpg 2000w\" sizes=\"(max-width: 1024px) 100vw, 1024px\" \/><\/figure>\n\n\n\n<figure class=\"wp-block-image size-large\"><img loading=\"lazy\" decoding=\"async\" width=\"1024\" height=\"576\" src=\"https:\/\/prisma-e.com\/wp-content\/uploads\/contenitore_specifico2020-3-1024x576.jpg\" alt=\"\" class=\"wp-image-727\" srcset=\"https:\/\/prisma-e.com\/wp-content\/uploads\/contenitore_specifico2020-3-1024x576.jpg 1024w, https:\/\/prisma-e.com\/wp-content\/uploads\/contenitore_specifico2020-3-300x169.jpg 300w, https:\/\/prisma-e.com\/wp-content\/uploads\/contenitore_specifico2020-3-768x432.jpg 768w, https:\/\/prisma-e.com\/wp-content\/uploads\/contenitore_specifico2020-3-1536x864.jpg 1536w, https:\/\/prisma-e.com\/wp-content\/uploads\/contenitore_specifico2020-3.jpg 2000w\" sizes=\"(max-width: 1024px) 100vw, 1024px\" \/><\/figure>\n\n\n\n<figure class=\"wp-block-image size-large\"><img loading=\"lazy\" decoding=\"async\" width=\"1024\" height=\"576\" src=\"https:\/\/prisma-e.com\/wp-content\/uploads\/contenitore_specifico2020-4-1024x576.jpg\" alt=\"\" class=\"wp-image-733\" srcset=\"https:\/\/prisma-e.com\/wp-content\/uploads\/contenitore_specifico2020-4-1024x576.jpg 1024w, https:\/\/prisma-e.com\/wp-content\/uploads\/contenitore_specifico2020-4-300x169.jpg 300w, https:\/\/prisma-e.com\/wp-content\/uploads\/contenitore_specifico2020-4-768x432.jpg 768w, https:\/\/prisma-e.com\/wp-content\/uploads\/contenitore_specifico2020-4-1536x864.jpg 1536w, https:\/\/prisma-e.com\/wp-content\/uploads\/contenitore_specifico2020-4.jpg 2000w\" sizes=\"(max-width: 1024px) 100vw, 1024px\" \/><\/figure>\n\n\n\n<figure class=\"wp-block-image size-large\"><img loading=\"lazy\" decoding=\"async\" width=\"1024\" height=\"576\" src=\"https:\/\/prisma-e.com\/wp-content\/uploads\/contenitore_specifico2020-1024x576.jpg\" alt=\"\" class=\"wp-image-739\" srcset=\"https:\/\/prisma-e.com\/wp-content\/uploads\/contenitore_specifico2020-1024x576.jpg 1024w, https:\/\/prisma-e.com\/wp-content\/uploads\/contenitore_specifico2020-300x169.jpg 300w, https:\/\/prisma-e.com\/wp-content\/uploads\/contenitore_specifico2020-768x432.jpg 768w, https:\/\/prisma-e.com\/wp-content\/uploads\/contenitore_specifico2020-1536x864.jpg 1536w, https:\/\/prisma-e.com\/wp-content\/uploads\/contenitore_specifico2020.jpg 2000w\" sizes=\"(max-width: 1024px) 100vw, 1024px\" \/><\/figure>\n\n\n\n<figure class=\"wp-block-image size-large\"><img loading=\"lazy\" decoding=\"async\" width=\"1024\" height=\"576\" src=\"https:\/\/prisma-e.com\/wp-content\/uploads\/conteniore-specifico-prisma-e-2024-2-1024x576.jpg\" alt=\"\" class=\"wp-image-1128\" srcset=\"https:\/\/prisma-e.com\/wp-content\/uploads\/conteniore-specifico-prisma-e-2024-2-1024x576.jpg 1024w, https:\/\/prisma-e.com\/wp-content\/uploads\/conteniore-specifico-prisma-e-2024-2-300x169.jpg 300w, https:\/\/prisma-e.com\/wp-content\/uploads\/conteniore-specifico-prisma-e-2024-2-768x432.jpg 768w, https:\/\/prisma-e.com\/wp-content\/uploads\/conteniore-specifico-prisma-e-2024-2-1536x864.jpg 1536w, https:\/\/prisma-e.com\/wp-content\/uploads\/conteniore-specifico-prisma-e-2024-2.jpg 2000w\" sizes=\"(max-width: 1024px) 100vw, 1024px\" \/><\/figure>\n\n\n\n<figure class=\"wp-block-image size-large\"><img loading=\"lazy\" decoding=\"async\" width=\"1024\" height=\"576\" src=\"https:\/\/prisma-e.com\/wp-content\/uploads\/conteniore-specifico-prisma-e-2024-1-1024x576.jpg\" alt=\"\" class=\"wp-image-1110\" srcset=\"https:\/\/prisma-e.com\/wp-content\/uploads\/conteniore-specifico-prisma-e-2024-1-1024x576.jpg 1024w, https:\/\/prisma-e.com\/wp-content\/uploads\/conteniore-specifico-prisma-e-2024-1-300x169.jpg 300w, https:\/\/prisma-e.com\/wp-content\/uploads\/conteniore-specifico-prisma-e-2024-1-768x432.jpg 768w, https:\/\/prisma-e.com\/wp-content\/uploads\/conteniore-specifico-prisma-e-2024-1-1536x864.jpg 1536w, https:\/\/prisma-e.com\/wp-content\/uploads\/conteniore-specifico-prisma-e-2024-1.jpg 2000w\" sizes=\"(max-width: 1024px) 100vw, 1024px\" \/><\/figure>\n\n\n\n<figure class=\"wp-block-image size-large\"><img loading=\"lazy\" decoding=\"async\" width=\"1024\" height=\"576\" src=\"https:\/\/prisma-e.com\/wp-content\/uploads\/conteniore-specifico-prisma-e-2024-3-1024x576.jpg\" alt=\"\" class=\"wp-image-1134\" srcset=\"https:\/\/prisma-e.com\/wp-content\/uploads\/conteniore-specifico-prisma-e-2024-3-1024x576.jpg 1024w, https:\/\/prisma-e.com\/wp-content\/uploads\/conteniore-specifico-prisma-e-2024-3-300x169.jpg 300w, https:\/\/prisma-e.com\/wp-content\/uploads\/conteniore-specifico-prisma-e-2024-3-768x432.jpg 768w, https:\/\/prisma-e.com\/wp-content\/uploads\/conteniore-specifico-prisma-e-2024-3-1536x864.jpg 1536w, https:\/\/prisma-e.com\/wp-content\/uploads\/conteniore-specifico-prisma-e-2024-3.jpg 2000w\" sizes=\"(max-width: 1024px) 100vw, 1024px\" \/><\/figure>\n\n\n\n<figure class=\"wp-block-image size-large\"><img loading=\"lazy\" decoding=\"async\" width=\"1024\" height=\"576\" src=\"https:\/\/prisma-e.com\/wp-content\/uploads\/conteniore-specifico-prisma-e-2024-4-1024x576.jpg\" alt=\"\" class=\"wp-image-1117\" srcset=\"https:\/\/prisma-e.com\/wp-content\/uploads\/conteniore-specifico-prisma-e-2024-4-1024x576.jpg 1024w, https:\/\/prisma-e.com\/wp-content\/uploads\/conteniore-specifico-prisma-e-2024-4-300x169.jpg 300w, https:\/\/prisma-e.com\/wp-content\/uploads\/conteniore-specifico-prisma-e-2024-4-768x432.jpg 768w, https:\/\/prisma-e.com\/wp-content\/uploads\/conteniore-specifico-prisma-e-2024-4-1536x864.jpg 1536w, https:\/\/prisma-e.com\/wp-content\/uploads\/conteniore-specifico-prisma-e-2024-4.jpg 2000w\" sizes=\"(max-width: 1024px) 100vw, 1024px\" \/><\/figure>\n\n\n\n<figure class=\"wp-block-image size-large\"><img loading=\"lazy\" decoding=\"async\" width=\"1024\" height=\"576\" src=\"https:\/\/prisma-e.com\/wp-content\/uploads\/conteniore-specifico-prisma-e-2024-5-1024x576.jpg\" alt=\"\" class=\"wp-image-1116\" srcset=\"https:\/\/prisma-e.com\/wp-content\/uploads\/conteniore-specifico-prisma-e-2024-5-1024x576.jpg 1024w, https:\/\/prisma-e.com\/wp-content\/uploads\/conteniore-specifico-prisma-e-2024-5-300x169.jpg 300w, https:\/\/prisma-e.com\/wp-content\/uploads\/conteniore-specifico-prisma-e-2024-5-768x432.jpg 768w, https:\/\/prisma-e.com\/wp-content\/uploads\/conteniore-specifico-prisma-e-2024-5-1536x864.jpg 1536w, https:\/\/prisma-e.com\/wp-content\/uploads\/conteniore-specifico-prisma-e-2024-5.jpg 2000w\" sizes=\"(max-width: 1024px) 100vw, 1024px\" \/><\/figure>\n\n\n\n<figure class=\"wp-block-image size-large\"><img loading=\"lazy\" decoding=\"async\" width=\"1024\" height=\"576\" src=\"https:\/\/prisma-e.com\/wp-content\/uploads\/conteniore-specifico-prisma-e-2024-6-1024x576.jpg\" alt=\"\" class=\"wp-image-1140\" srcset=\"https:\/\/prisma-e.com\/wp-content\/uploads\/conteniore-specifico-prisma-e-2024-6-1024x576.jpg 1024w, https:\/\/prisma-e.com\/wp-content\/uploads\/conteniore-specifico-prisma-e-2024-6-300x169.jpg 300w, https:\/\/prisma-e.com\/wp-content\/uploads\/conteniore-specifico-prisma-e-2024-6-768x432.jpg 768w, https:\/\/prisma-e.com\/wp-content\/uploads\/conteniore-specifico-prisma-e-2024-6-1536x864.jpg 1536w, https:\/\/prisma-e.com\/wp-content\/uploads\/conteniore-specifico-prisma-e-2024-6.jpg 2000w\" sizes=\"(max-width: 1024px) 100vw, 1024px\" \/><\/figure>\n\n\n\n<figure class=\"wp-block-image size-large\"><img loading=\"lazy\" decoding=\"async\" width=\"1024\" height=\"575\" src=\"https:\/\/prisma-e.com\/wp-content\/uploads\/conteniore-specifico-prisma-e-2024-7-1024x575.jpg\" alt=\"\" class=\"wp-image-1104\" srcset=\"https:\/\/prisma-e.com\/wp-content\/uploads\/conteniore-specifico-prisma-e-2024-7-1024x575.jpg 1024w, https:\/\/prisma-e.com\/wp-content\/uploads\/conteniore-specifico-prisma-e-2024-7-300x168.jpg 300w, https:\/\/prisma-e.com\/wp-content\/uploads\/conteniore-specifico-prisma-e-2024-7-768x431.jpg 768w, https:\/\/prisma-e.com\/wp-content\/uploads\/conteniore-specifico-prisma-e-2024-7-1536x862.jpg 1536w, https:\/\/prisma-e.com\/wp-content\/uploads\/conteniore-specifico-prisma-e-2024-7.jpg 2000w\" sizes=\"(max-width: 1024px) 100vw, 1024px\" \/><\/figure>\n\n\n\n<figure class=\"wp-block-image size-large\"><img loading=\"lazy\" decoding=\"async\" width=\"1024\" height=\"563\" src=\"https:\/\/prisma-e.com\/wp-content\/uploads\/conteniore-specifico-prisma-e-2024-8-1024x563.jpg\" alt=\"\" class=\"wp-image-1229\" srcset=\"https:\/\/prisma-e.com\/wp-content\/uploads\/conteniore-specifico-prisma-e-2024-8-1024x563.jpg 1024w, https:\/\/prisma-e.com\/wp-content\/uploads\/conteniore-specifico-prisma-e-2024-8-300x165.jpg 300w, https:\/\/prisma-e.com\/wp-content\/uploads\/conteniore-specifico-prisma-e-2024-8-768x422.jpg 768w, https:\/\/prisma-e.com\/wp-content\/uploads\/conteniore-specifico-prisma-e-2024-8-1536x844.jpg 1536w, https:\/\/prisma-e.com\/wp-content\/uploads\/conteniore-specifico-prisma-e-2024-8.jpg 2000w\" sizes=\"(max-width: 1024px) 100vw, 1024px\" \/><\/figure>\n\n\n\n<figure class=\"wp-block-image size-large\"><img loading=\"lazy\" decoding=\"async\" width=\"1024\" height=\"563\" src=\"https:\/\/prisma-e.com\/wp-content\/uploads\/conteniore-specifico-prisma-e-2024-9-1024x563.jpg\" alt=\"\" class=\"wp-image-1230\" srcset=\"https:\/\/prisma-e.com\/wp-content\/uploads\/conteniore-specifico-prisma-e-2024-9-1024x563.jpg 1024w, https:\/\/prisma-e.com\/wp-content\/uploads\/conteniore-specifico-prisma-e-2024-9-300x165.jpg 300w, https:\/\/prisma-e.com\/wp-content\/uploads\/conteniore-specifico-prisma-e-2024-9-768x422.jpg 768w, https:\/\/prisma-e.com\/wp-content\/uploads\/conteniore-specifico-prisma-e-2024-9-1536x844.jpg 1536w, https:\/\/prisma-e.com\/wp-content\/uploads\/conteniore-specifico-prisma-e-2024-9.jpg 2000w\" sizes=\"(max-width: 1024px) 100vw, 1024px\" \/><\/figure>\n<\/figure>\n<\/div><\/div>\n","protected":false},"excerpt":{"rendered":"","protected":false},"author":1,"featured_media":0,"parent":508,"menu_order":0,"comment_status":"closed","ping_status":"closed","template":"","meta":{"footnotes":""},"yoast_head":"<!-- This site is optimized with the Yoast SEO plugin v22.9 - https:\/\/yoast.com\/wordpress\/plugins\/seo\/ -->\n<title>\u0160peci\u00e1lne kontajnery - Prisma Engineering<\/title>\n<meta name=\"robots\" content=\"index, follow, max-snippet:-1, max-image-preview:large, max-video-preview:-1\" \/>\n<link rel=\"canonical\" href=\"https:\/\/prisma-e.com\/sk\/produkty-a-riesenia\/specialne-kontajnery\/\" \/>\n<meta property=\"og:locale\" content=\"sk_SK\" \/>\n<meta property=\"og:type\" content=\"article\" \/>\n<meta property=\"og:title\" content=\"\u0160peci\u00e1lne kontajnery - Prisma Engineering\" \/>\n<meta property=\"og:url\" content=\"https:\/\/prisma-e.com\/sk\/produkty-a-riesenia\/specialne-kontajnery\/\" \/>\n<meta property=\"og:site_name\" content=\"Prisma Engineering\" \/>\n<meta property=\"article:modified_time\" content=\"2024-06-18T23:30:21+00:00\" \/>\n<meta name=\"twitter:card\" content=\"summary_large_image\" \/>\n<meta name=\"twitter:label1\" content=\"Predpokladan\u00fd \u010das \u010d\u00edtania\" \/>\n\t<meta name=\"twitter:data1\" content=\"4 min\u00faty\" \/>\n<script type=\"application\/ld+json\" class=\"yoast-schema-graph\">{\"@context\":\"https:\/\/schema.org\",\"@graph\":[{\"@type\":\"WebPage\",\"@id\":\"https:\/\/prisma-e.com\/sk\/produkty-a-riesenia\/specialne-kontajnery\/\",\"url\":\"https:\/\/prisma-e.com\/sk\/produkty-a-riesenia\/specialne-kontajnery\/\",\"name\":\"\u0160peci\u00e1lne kontajnery - Prisma Engineering\",\"isPartOf\":{\"@id\":\"\/#website\"},\"datePublished\":\"2020-04-15T14:40:02+00:00\",\"dateModified\":\"2024-06-18T23:30:21+00:00\",\"breadcrumb\":{\"@id\":\"https:\/\/prisma-e.com\/sk\/produkty-a-riesenia\/specialne-kontajnery\/#breadcrumb\"},\"inLanguage\":\"sk-SK\",\"potentialAction\":[{\"@type\":\"ReadAction\",\"target\":[\"https:\/\/prisma-e.com\/sk\/produkty-a-riesenia\/specialne-kontajnery\/\"]}]},{\"@type\":\"BreadcrumbList\",\"@id\":\"https:\/\/prisma-e.com\/sk\/produkty-a-riesenia\/specialne-kontajnery\/#breadcrumb\",\"itemListElement\":[{\"@type\":\"ListItem\",\"position\":1,\"name\":\"Home\",\"item\":\"https:\/\/prisma-e.com\/sk\/products-and-solutions\/\"},{\"@type\":\"ListItem\",\"position\":2,\"name\":\"\u0160peci\u00e1lne kontajnery\"}]},{\"@type\":\"WebSite\",\"@id\":\"\/#website\",\"url\":\"\/\",\"name\":\"Prisma Engineering\",\"description\":\"Automotive Containers\",\"potentialAction\":[{\"@type\":\"SearchAction\",\"target\":{\"@type\":\"EntryPoint\",\"urlTemplate\":\"\/?s={search_term_string}\"},\"query-input\":\"required name=search_term_string\"}],\"inLanguage\":\"sk-SK\"}]}<\/script>\n<!-- \/ Yoast SEO plugin. -->","yoast_head_json":{"title":"\u0160peci\u00e1lne kontajnery - Prisma Engineering","robots":{"index":"index","follow":"follow","max-snippet":"max-snippet:-1","max-image-preview":"max-image-preview:large","max-video-preview":"max-video-preview:-1"},"canonical":"https:\/\/prisma-e.com\/sk\/produkty-a-riesenia\/specialne-kontajnery\/","og_locale":"sk_SK","og_type":"article","og_title":"\u0160peci\u00e1lne kontajnery - Prisma Engineering","og_url":"https:\/\/prisma-e.com\/sk\/produkty-a-riesenia\/specialne-kontajnery\/","og_site_name":"Prisma Engineering","article_modified_time":"2024-06-18T23:30:21+00:00","twitter_card":"summary_large_image","twitter_misc":{"Predpokladan\u00fd \u010das \u010d\u00edtania":"4 min\u00faty"},"schema":{"@context":"https:\/\/schema.org","@graph":[{"@type":"WebPage","@id":"https:\/\/prisma-e.com\/sk\/produkty-a-riesenia\/specialne-kontajnery\/","url":"https:\/\/prisma-e.com\/sk\/produkty-a-riesenia\/specialne-kontajnery\/","name":"\u0160peci\u00e1lne kontajnery - Prisma Engineering","isPartOf":{"@id":"\/#website"},"datePublished":"2020-04-15T14:40:02+00:00","dateModified":"2024-06-18T23:30:21+00:00","breadcrumb":{"@id":"https:\/\/prisma-e.com\/sk\/produkty-a-riesenia\/specialne-kontajnery\/#breadcrumb"},"inLanguage":"sk-SK","potentialAction":[{"@type":"ReadAction","target":["https:\/\/prisma-e.com\/sk\/produkty-a-riesenia\/specialne-kontajnery\/"]}]},{"@type":"BreadcrumbList","@id":"https:\/\/prisma-e.com\/sk\/produkty-a-riesenia\/specialne-kontajnery\/#breadcrumb","itemListElement":[{"@type":"ListItem","position":1,"name":"Home","item":"https:\/\/prisma-e.com\/sk\/products-and-solutions\/"},{"@type":"ListItem","position":2,"name":"\u0160peci\u00e1lne kontajnery"}]},{"@type":"WebSite","@id":"\/#website","url":"\/","name":"Prisma Engineering","description":"Automotive Containers","potentialAction":[{"@type":"SearchAction","target":{"@type":"EntryPoint","urlTemplate":"\/?s={search_term_string}"},"query-input":"required name=search_term_string"}],"inLanguage":"sk-SK"}]}},"_links":{"self":[{"href":"https:\/\/prisma-e.com\/sk\/wp-json\/wp\/v2\/pages\/535"}],"collection":[{"href":"https:\/\/prisma-e.com\/sk\/wp-json\/wp\/v2\/pages"}],"about":[{"href":"https:\/\/prisma-e.com\/sk\/wp-json\/wp\/v2\/types\/page"}],"author":[{"embeddable":true,"href":"https:\/\/prisma-e.com\/sk\/wp-json\/wp\/v2\/users\/1"}],"replies":[{"embeddable":true,"href":"https:\/\/prisma-e.com\/sk\/wp-json\/wp\/v2\/comments?post=535"}],"version-history":[{"count":6,"href":"https:\/\/prisma-e.com\/sk\/wp-json\/wp\/v2\/pages\/535\/revisions"}],"predecessor-version":[{"id":762,"href":"https:\/\/prisma-e.com\/sk\/wp-json\/wp\/v2\/pages\/535\/revisions\/762"}],"up":[{"embeddable":true,"href":"https:\/\/prisma-e.com\/sk\/wp-json\/wp\/v2\/pages\/508"}],"wp:attachment":[{"href":"https:\/\/prisma-e.com\/sk\/wp-json\/wp\/v2\/media?parent=535"}],"curies":[{"name":"wp","href":"https:\/\/api.w.org\/{rel}","templated":true}]}}