{"id":394,"date":"2020-02-11T22:20:11","date_gmt":"2020-02-11T21:20:11","guid":{"rendered":"http:\/\/prisma-e.com\/o-firme\/storia\/"},"modified":"2024-06-19T11:47:37","modified_gmt":"2024-06-19T09:47:37","slug":"nas-pribeh","status":"publish","type":"page","link":"https:\/\/prisma-e.com\/sk\/o-firme\/nas-pribeh\/","title":{"rendered":"N\u00e1\u0161 pr\u00edbeh"},"content":{"rendered":"\n<p>Spolo\u010dnos\u0165&nbsp; Prisma Engineering s.r.o. bola zalo\u017een\u00e1 v roku 2017 a p\u00f4sob\u00ed v&nbsp;automobilovom odvetv\u00ed v oblasti \u0161pecifick\u00fdch a \u0161tandardn\u00fdch obalov.<\/p>\n\n\n\n<p>Na\u0161e sk\u00fasenosti vznikli z potreby zachyti\u0165 a prev\u00e1\u017ea\u0165 ka\u017ed\u00fd jeden komponent automobilu, ke\u010f\u017ee na v\u00fdrobu jedn\u00e9ho vozidla je potrebn\u00fdch pribli\u017ene 22 000 s\u00fa\u010diastok.<\/p>\n\n\n\n<p>V\u00fdrobn\u00fd are\u00e1l sa rozklad\u00e1 na ploche 7 000 m2 s krytou plochou 2 500 m2.<\/p>\n\n\n\n<div style=\"height:30px\" aria-hidden=\"true\" class=\"wp-block-spacer\"><\/div>\n\n\n\n<p>Dvadsa\u0165ro\u010dn\u00e9 sk\u00fasenosti majite\u013eov v tejto oblasti viedli k v\u00fdrobe priemyseln\u00fdch kontajnerov\/voz\u00edkov pre r\u00f4zne zamerania, ktor\u00e9 rie\u0161ia najzlo\u017eitej\u0161ie po\u017eiadavky t\u00fdkaj\u00face sa manipul\u00e1cie &nbsp;automobilov\u00fdch komponentov a skladovania v bl\u00edzkosti v\u00fdrobn\u00fdch liniek.<\/p>\n\n\n\n<p>Na\u0161i v\u00fdvoj\u00e1ri sk\u00famaj\u00fa r\u00f4zne rie\u0161enia po\u017eadovan\u00e9 z\u00e1kazn\u00edkmi s oh\u013eadom na dodr\u017eiavanie noriem bezpe\u010dnosti na pracovisku, ergon\u00f3mie a kvality.<\/p>\n\n\n\n<div style=\"height:30px\" aria-hidden=\"true\" class=\"wp-block-spacer\"><\/div>\n\n\n\n<p>Na\u0161ou v\u00fdzvou je pou\u017e\u00edva\u0165 materi\u00e1ly, ktor\u00e9 \u010doraz viac sp\u013a\u0148aj\u00fa pr\u00edsne environment\u00e1lne normy.<\/p>\n\n\n\n<p>Dennodenn\u00e9 \u0161t\u00fadia zva\u017euj\u00fa najlep\u0161ie rie\u0161enia pre vyu\u017eitie priestorov, skladovanie a prepravu.<\/p>\n\n\n\n<p>Od roku 2018 je spolo\u010dnos\u0165 certifikovan\u00e1 pod\u013ea ISO 9001:2015.<\/p>\n\n\n\n<p>Na\u0161a spolo\u010dnos\u0165 pou\u017e\u00edva pr\u00e1\u0161kov\u00e9 lakovanie, nako\u013eko sme v&nbsp;roku 2018 nain\u0161talovali syst\u00e9m najnov\u0161ej gener\u00e1cie so statickou vypa\u013eovacou pecou na pr\u00e1\u0161kov\u00fa polymeriz\u00e1ciu. M\u00f4\u017eeme strieka\u0165\/piec\u0165 kon\u0161trukcie s \u00fa\u017eitkov\u00fdmi rozmermi 2 700 x 6 000 x V 2 900 mm.<\/p>\n\n\n\n<div style=\"height:30px\" aria-hidden=\"true\" class=\"wp-block-spacer\"><\/div>\n\n\n\n<p>V roku 2022 bola nain\u0161talovan\u00e1 najnov\u0161ia gener\u00e1cia 6kw vl\u00e1knov\u00e9ho laserov\u00e9ho syst\u00e9mu, ktor\u00fd n\u00e1m umo\u017e\u0148uje v\u00e4\u010d\u0161ie \u00faspory a v\u00e4\u010d\u0161iu konkurencieschopnos\u0165 na trhu.<\/p>\n\n\n\n<p>Cie\u013eom n\u00e1\u0161ho t\u00edmu je \u010doraz viac sa etablova\u0165 medzi najv\u00fdznamnej\u0161\u00edch eur\u00f3pskych konkurentov a rok \u010do rok sa rozv\u00edja\u0165.<\/p>\n\n\n\n<div style=\"height:30px\" aria-hidden=\"true\" class=\"wp-block-spacer\"><\/div>\n","protected":false},"excerpt":{"rendered":"<p>Spolo\u010dnos\u0165&nbsp; Prisma Engineering s.r.o. bola zalo\u017een\u00e1 v roku 2017 a p\u00f4sob\u00ed v&nbsp;automobilovom odvetv\u00ed v oblasti \u0161pecifick\u00fdch a \u0161tandardn\u00fdch obalov. Na\u0161e sk\u00fasenosti vznikli z potreby zachyti\u0165 a prev\u00e1\u017ea\u0165 ka\u017ed\u00fd jeden komponent automobilu, ke\u010f\u017ee na v\u00fdrobu jedn\u00e9ho vozidla je potrebn\u00fdch pribli\u017ene 22 000 s\u00fa\u010diastok. V\u00fdrobn\u00fd are\u00e1l sa rozklad\u00e1 na ploche 7 000 m2 s krytou plochou 2 [&hellip;]<\/p>\n","protected":false},"author":1,"featured_media":396,"parent":391,"menu_order":0,"comment_status":"closed","ping_status":"closed","template":"","meta":{"footnotes":""},"yoast_head":"<!-- This site is optimized with the Yoast SEO plugin v22.9 - https:\/\/yoast.com\/wordpress\/plugins\/seo\/ -->\n<title>N\u00e1\u0161 pr\u00edbeh - Prisma Engineering<\/title>\n<meta name=\"robots\" content=\"index, follow, max-snippet:-1, max-image-preview:large, max-video-preview:-1\" \/>\n<link rel=\"canonical\" href=\"https:\/\/prisma-e.com\/sk\/o-firme\/nas-pribeh\/\" \/>\n<meta property=\"og:locale\" content=\"sk_SK\" \/>\n<meta property=\"og:type\" content=\"article\" \/>\n<meta property=\"og:title\" content=\"N\u00e1\u0161 pr\u00edbeh - Prisma Engineering\" \/>\n<meta property=\"og:description\" content=\"Spolo\u010dnos\u0165&nbsp; Prisma Engineering s.r.o. bola zalo\u017een\u00e1 v roku 2017 a p\u00f4sob\u00ed v&nbsp;automobilovom odvetv\u00ed v oblasti \u0161pecifick\u00fdch a \u0161tandardn\u00fdch obalov. Na\u0161e sk\u00fasenosti vznikli z potreby zachyti\u0165 a prev\u00e1\u017ea\u0165 ka\u017ed\u00fd jeden komponent automobilu, ke\u010f\u017ee na v\u00fdrobu jedn\u00e9ho vozidla je potrebn\u00fdch pribli\u017ene 22 000 s\u00fa\u010diastok. V\u00fdrobn\u00fd are\u00e1l sa rozklad\u00e1 na ploche 7 000 m2 s krytou plochou 2 [&hellip;]\" \/>\n<meta property=\"og:url\" content=\"https:\/\/prisma-e.com\/sk\/o-firme\/nas-pribeh\/\" \/>\n<meta property=\"og:site_name\" content=\"Prisma Engineering\" \/>\n<meta property=\"article:modified_time\" content=\"2024-06-19T09:47:37+00:00\" \/>\n<meta property=\"og:image\" content=\"https:\/\/prisma-e.com\/wp-content\/uploads\/BG_IMG_0009-scaled.jpg\" \/>\n\t<meta property=\"og:image:width\" content=\"2560\" \/>\n\t<meta property=\"og:image:height\" content=\"1920\" \/>\n\t<meta property=\"og:image:type\" content=\"image\/jpeg\" \/>\n<meta name=\"twitter:card\" content=\"summary_large_image\" \/>\n<meta name=\"twitter:label1\" content=\"Predpokladan\u00fd \u010das \u010d\u00edtania\" \/>\n\t<meta name=\"twitter:data1\" content=\"2 min\u00faty\" \/>\n<script type=\"application\/ld+json\" class=\"yoast-schema-graph\">{\"@context\":\"https:\/\/schema.org\",\"@graph\":[{\"@type\":\"WebPage\",\"@id\":\"https:\/\/prisma-e.com\/sk\/o-firme\/nas-pribeh\/\",\"url\":\"https:\/\/prisma-e.com\/sk\/o-firme\/nas-pribeh\/\",\"name\":\"N\u00e1\u0161 pr\u00edbeh - Prisma Engineering\",\"isPartOf\":{\"@id\":\"\/#website\"},\"primaryImageOfPage\":{\"@id\":\"https:\/\/prisma-e.com\/sk\/o-firme\/nas-pribeh\/#primaryimage\"},\"image\":{\"@id\":\"https:\/\/prisma-e.com\/sk\/o-firme\/nas-pribeh\/#primaryimage\"},\"thumbnailUrl\":\"https:\/\/prisma-e.com\/wp-content\/uploads\/BG_IMG_0009-scaled.jpg\",\"datePublished\":\"2020-02-11T21:20:11+00:00\",\"dateModified\":\"2024-06-19T09:47:37+00:00\",\"breadcrumb\":{\"@id\":\"https:\/\/prisma-e.com\/sk\/o-firme\/nas-pribeh\/#breadcrumb\"},\"inLanguage\":\"sk-SK\",\"potentialAction\":[{\"@type\":\"ReadAction\",\"target\":[\"https:\/\/prisma-e.com\/sk\/o-firme\/nas-pribeh\/\"]}]},{\"@type\":\"ImageObject\",\"inLanguage\":\"sk-SK\",\"@id\":\"https:\/\/prisma-e.com\/sk\/o-firme\/nas-pribeh\/#primaryimage\",\"url\":\"https:\/\/prisma-e.com\/wp-content\/uploads\/BG_IMG_0009-scaled.jpg\",\"contentUrl\":\"https:\/\/prisma-e.com\/wp-content\/uploads\/BG_IMG_0009-scaled.jpg\",\"width\":2560,\"height\":1920},{\"@type\":\"BreadcrumbList\",\"@id\":\"https:\/\/prisma-e.com\/sk\/o-firme\/nas-pribeh\/#breadcrumb\",\"itemListElement\":[{\"@type\":\"ListItem\",\"position\":1,\"name\":\"Home\",\"item\":\"https:\/\/prisma-e.com\/sk\/o-firme\/\"},{\"@type\":\"ListItem\",\"position\":2,\"name\":\"N\u00e1\u0161 pr\u00edbeh\"}]},{\"@type\":\"WebSite\",\"@id\":\"\/#website\",\"url\":\"\/\",\"name\":\"Prisma Engineering\",\"description\":\"Automotive Containers\",\"potentialAction\":[{\"@type\":\"SearchAction\",\"target\":{\"@type\":\"EntryPoint\",\"urlTemplate\":\"\/?s={search_term_string}\"},\"query-input\":\"required name=search_term_string\"}],\"inLanguage\":\"sk-SK\"}]}<\/script>\n<!-- \/ Yoast SEO plugin. -->","yoast_head_json":{"title":"N\u00e1\u0161 pr\u00edbeh - Prisma Engineering","robots":{"index":"index","follow":"follow","max-snippet":"max-snippet:-1","max-image-preview":"max-image-preview:large","max-video-preview":"max-video-preview:-1"},"canonical":"https:\/\/prisma-e.com\/sk\/o-firme\/nas-pribeh\/","og_locale":"sk_SK","og_type":"article","og_title":"N\u00e1\u0161 pr\u00edbeh - Prisma Engineering","og_description":"Spolo\u010dnos\u0165&nbsp; Prisma Engineering s.r.o. bola zalo\u017een\u00e1 v roku 2017 a p\u00f4sob\u00ed v&nbsp;automobilovom odvetv\u00ed v oblasti \u0161pecifick\u00fdch a \u0161tandardn\u00fdch obalov. Na\u0161e sk\u00fasenosti vznikli z potreby zachyti\u0165 a prev\u00e1\u017ea\u0165 ka\u017ed\u00fd jeden komponent automobilu, ke\u010f\u017ee na v\u00fdrobu jedn\u00e9ho vozidla je potrebn\u00fdch pribli\u017ene 22 000 s\u00fa\u010diastok. V\u00fdrobn\u00fd are\u00e1l sa rozklad\u00e1 na ploche 7 000 m2 s krytou plochou 2 [&hellip;]","og_url":"https:\/\/prisma-e.com\/sk\/o-firme\/nas-pribeh\/","og_site_name":"Prisma Engineering","article_modified_time":"2024-06-19T09:47:37+00:00","og_image":[{"width":2560,"height":1920,"url":"https:\/\/prisma-e.com\/wp-content\/uploads\/BG_IMG_0009-scaled.jpg","type":"image\/jpeg"}],"twitter_card":"summary_large_image","twitter_misc":{"Predpokladan\u00fd \u010das \u010d\u00edtania":"2 min\u00faty"},"schema":{"@context":"https:\/\/schema.org","@graph":[{"@type":"WebPage","@id":"https:\/\/prisma-e.com\/sk\/o-firme\/nas-pribeh\/","url":"https:\/\/prisma-e.com\/sk\/o-firme\/nas-pribeh\/","name":"N\u00e1\u0161 pr\u00edbeh - Prisma Engineering","isPartOf":{"@id":"\/#website"},"primaryImageOfPage":{"@id":"https:\/\/prisma-e.com\/sk\/o-firme\/nas-pribeh\/#primaryimage"},"image":{"@id":"https:\/\/prisma-e.com\/sk\/o-firme\/nas-pribeh\/#primaryimage"},"thumbnailUrl":"https:\/\/prisma-e.com\/wp-content\/uploads\/BG_IMG_0009-scaled.jpg","datePublished":"2020-02-11T21:20:11+00:00","dateModified":"2024-06-19T09:47:37+00:00","breadcrumb":{"@id":"https:\/\/prisma-e.com\/sk\/o-firme\/nas-pribeh\/#breadcrumb"},"inLanguage":"sk-SK","potentialAction":[{"@type":"ReadAction","target":["https:\/\/prisma-e.com\/sk\/o-firme\/nas-pribeh\/"]}]},{"@type":"ImageObject","inLanguage":"sk-SK","@id":"https:\/\/prisma-e.com\/sk\/o-firme\/nas-pribeh\/#primaryimage","url":"https:\/\/prisma-e.com\/wp-content\/uploads\/BG_IMG_0009-scaled.jpg","contentUrl":"https:\/\/prisma-e.com\/wp-content\/uploads\/BG_IMG_0009-scaled.jpg","width":2560,"height":1920},{"@type":"BreadcrumbList","@id":"https:\/\/prisma-e.com\/sk\/o-firme\/nas-pribeh\/#breadcrumb","itemListElement":[{"@type":"ListItem","position":1,"name":"Home","item":"https:\/\/prisma-e.com\/sk\/o-firme\/"},{"@type":"ListItem","position":2,"name":"N\u00e1\u0161 pr\u00edbeh"}]},{"@type":"WebSite","@id":"\/#website","url":"\/","name":"Prisma Engineering","description":"Automotive Containers","potentialAction":[{"@type":"SearchAction","target":{"@type":"EntryPoint","urlTemplate":"\/?s={search_term_string}"},"query-input":"required name=search_term_string"}],"inLanguage":"sk-SK"}]}},"_links":{"self":[{"href":"https:\/\/prisma-e.com\/sk\/wp-json\/wp\/v2\/pages\/394"}],"collection":[{"href":"https:\/\/prisma-e.com\/sk\/wp-json\/wp\/v2\/pages"}],"about":[{"href":"https:\/\/prisma-e.com\/sk\/wp-json\/wp\/v2\/types\/page"}],"author":[{"embeddable":true,"href":"https:\/\/prisma-e.com\/sk\/wp-json\/wp\/v2\/users\/1"}],"replies":[{"embeddable":true,"href":"https:\/\/prisma-e.com\/sk\/wp-json\/wp\/v2\/comments?post=394"}],"version-history":[{"count":6,"href":"https:\/\/prisma-e.com\/sk\/wp-json\/wp\/v2\/pages\/394\/revisions"}],"predecessor-version":[{"id":1176,"href":"https:\/\/prisma-e.com\/sk\/wp-json\/wp\/v2\/pages\/394\/revisions\/1176"}],"up":[{"embeddable":true,"href":"https:\/\/prisma-e.com\/sk\/wp-json\/wp\/v2\/pages\/391"}],"wp:featuredmedia":[{"embeddable":true,"href":"https:\/\/prisma-e.com\/sk\/wp-json\/wp\/v2\/media\/396"}],"wp:attachment":[{"href":"https:\/\/prisma-e.com\/sk\/wp-json\/wp\/v2\/media?parent=394"}],"curies":[{"name":"wp","href":"https:\/\/api.w.org\/{rel}","templated":true}]}}