{"id":391,"date":"2020-02-11T23:19:51","date_gmt":"2020-02-11T22:19:51","guid":{"rendered":"http:\/\/prisma-e.com\/lazienda\/"},"modified":"2024-06-19T11:45:35","modified_gmt":"2024-06-19T09:45:35","slug":"o-firme","status":"publish","type":"page","link":"https:\/\/prisma-e.com\/sk\/o-firme\/","title":{"rendered":"O firme"},"content":{"rendered":"\n<div class=\"wp-block-columns desc-2-colonne is-layout-flex wp-container-core-columns-is-layout-1 wp-block-columns-is-layout-flex\">\n<div class=\"wp-block-column is-layout-flow wp-block-column-is-layout-flow\">\n<h4 class=\"wp-block-heading\">Spolo\u010dnos\u0165 Prisma Engineering bola zalo\u017een\u00e1 v roku 2017 s hlavnou \u010dinnos\u0165ou v oblasti spracovania kovov, najm\u00e4 pre automobilov\u00fd priemysel pre oblas\u0165 balenia (packaging) \u0161tandardn\u00fdch produktov a variantov na objedn\u00e1vku.<\/h4>\n<\/div>\n\n\n\n<div class=\"wp-block-column is-layout-flow wp-block-column-is-layout-flow\">\n<p>Dvadsa\u0165ro\u010dn\u00e9 sk\u00fasenosti n\u00e1\u0161ho t\u00edmu v tejto oblasti viedli k vytvoreniu priemyseln\u00fdch kontajnerov \/ voz\u00edkov, ktor\u00e9 rie\u0161ia najzlo\u017eitej\u0161ie probl\u00e9my t\u00fdkaj\u00face sa manipul\u00e1cie s materi\u00e1lom a skladovania na v\u00fdrobn\u00fdch link\u00e1ch.<\/p>\n\n\n\n<div style=\"height:30px\" aria-hidden=\"true\" class=\"wp-block-spacer\"><\/div>\n\n\n\n<p>T\u00edm v\u00fdvoj\u00e1rov sk\u00fama r\u00f4zne rie\u0161enia, ktor\u00e9 po\u017eaduje z\u00e1kazn\u00edk vzh\u013eadom na dodr\u017eiavanie bezpe\u010dnostn\u00fdch noriem na pracovisku, ergon\u00f3miu, materi\u00e1ly na pou\u017eitie v s\u00falade s environment\u00e1lnymi normami a efekt\u00edvnos\u0165ou v\u00fdroby.<br>Na\u0161e \u0161t\u00fadie h\u013eadaj\u00fa najlep\u0161ie rie\u0161enia pre vyu\u017eitie priestorov, skladovanie a prepravu va\u0161ich v\u00fdrobkov.<\/p>\n<\/div>\n<\/div>\n","protected":false},"excerpt":{"rendered":"<p>Spolo\u010dnos\u0165 Prisma Engineering bola zalo\u017een\u00e1 v roku 2017 s hlavnou \u010dinnos\u0165ou v oblasti spracovania kovov, najm\u00e4 pre automobilov\u00fd priemysel pre oblas\u0165 balenia (packaging) \u0161tandardn\u00fdch produktov a variantov na objedn\u00e1vku. Dvadsa\u0165ro\u010dn\u00e9 sk\u00fasenosti n\u00e1\u0161ho t\u00edmu v tejto oblasti viedli k vytvoreniu priemyseln\u00fdch kontajnerov \/ voz\u00edkov, ktor\u00e9 rie\u0161ia najzlo\u017eitej\u0161ie probl\u00e9my t\u00fdkaj\u00face sa manipul\u00e1cie s materi\u00e1lom a skladovania na [&hellip;]<\/p>\n","protected":false},"author":1,"featured_media":392,"parent":0,"menu_order":0,"comment_status":"closed","ping_status":"closed","template":"","meta":{"footnotes":""},"yoast_head":"<!-- This site is optimized with the Yoast SEO plugin v22.9 - https:\/\/yoast.com\/wordpress\/plugins\/seo\/ -->\n<title>O firme - Prisma Engineering<\/title>\n<meta name=\"robots\" content=\"index, follow, max-snippet:-1, max-image-preview:large, max-video-preview:-1\" \/>\n<link rel=\"canonical\" href=\"https:\/\/prisma-e.com\/sk\/o-firme\/\" \/>\n<meta property=\"og:locale\" content=\"sk_SK\" \/>\n<meta property=\"og:type\" content=\"article\" \/>\n<meta property=\"og:title\" content=\"O firme - Prisma Engineering\" \/>\n<meta property=\"og:description\" content=\"Spolo\u010dnos\u0165 Prisma Engineering bola zalo\u017een\u00e1 v roku 2017 s hlavnou \u010dinnos\u0165ou v oblasti spracovania kovov, najm\u00e4 pre automobilov\u00fd priemysel pre oblas\u0165 balenia (packaging) \u0161tandardn\u00fdch produktov a variantov na objedn\u00e1vku. Dvadsa\u0165ro\u010dn\u00e9 sk\u00fasenosti n\u00e1\u0161ho t\u00edmu v tejto oblasti viedli k vytvoreniu priemyseln\u00fdch kontajnerov \/ voz\u00edkov, ktor\u00e9 rie\u0161ia najzlo\u017eitej\u0161ie probl\u00e9my t\u00fdkaj\u00face sa manipul\u00e1cie s materi\u00e1lom a skladovania na [&hellip;]\" \/>\n<meta property=\"og:url\" content=\"https:\/\/prisma-e.com\/sk\/o-firme\/\" \/>\n<meta property=\"og:site_name\" content=\"Prisma Engineering\" \/>\n<meta property=\"article:modified_time\" content=\"2024-06-19T09:45:35+00:00\" \/>\n<meta property=\"og:image\" content=\"https:\/\/prisma-e.com\/wp-content\/uploads\/azienda-1.jpg\" \/>\n\t<meta property=\"og:image:width\" content=\"2000\" \/>\n\t<meta property=\"og:image:height\" content=\"1196\" \/>\n\t<meta property=\"og:image:type\" content=\"image\/jpeg\" \/>\n<meta name=\"twitter:card\" content=\"summary_large_image\" \/>\n<meta name=\"twitter:label1\" content=\"Predpokladan\u00fd \u010das \u010d\u00edtania\" \/>\n\t<meta name=\"twitter:data1\" content=\"1 min\u00fata\" \/>\n<script type=\"application\/ld+json\" class=\"yoast-schema-graph\">{\"@context\":\"https:\/\/schema.org\",\"@graph\":[{\"@type\":\"WebPage\",\"@id\":\"https:\/\/prisma-e.com\/sk\/o-firme\/\",\"url\":\"https:\/\/prisma-e.com\/sk\/o-firme\/\",\"name\":\"O firme - Prisma Engineering\",\"isPartOf\":{\"@id\":\"\/#website\"},\"primaryImageOfPage\":{\"@id\":\"https:\/\/prisma-e.com\/sk\/o-firme\/#primaryimage\"},\"image\":{\"@id\":\"https:\/\/prisma-e.com\/sk\/o-firme\/#primaryimage\"},\"thumbnailUrl\":\"https:\/\/prisma-e.com\/wp-content\/uploads\/azienda-1.jpg\",\"datePublished\":\"2020-02-11T22:19:51+00:00\",\"dateModified\":\"2024-06-19T09:45:35+00:00\",\"inLanguage\":\"sk-SK\",\"potentialAction\":[{\"@type\":\"ReadAction\",\"target\":[\"https:\/\/prisma-e.com\/sk\/o-firme\/\"]}]},{\"@type\":\"ImageObject\",\"inLanguage\":\"sk-SK\",\"@id\":\"https:\/\/prisma-e.com\/sk\/o-firme\/#primaryimage\",\"url\":\"https:\/\/prisma-e.com\/wp-content\/uploads\/azienda-1.jpg\",\"contentUrl\":\"https:\/\/prisma-e.com\/wp-content\/uploads\/azienda-1.jpg\",\"width\":2000,\"height\":1196},{\"@type\":\"WebSite\",\"@id\":\"\/#website\",\"url\":\"\/\",\"name\":\"Prisma Engineering\",\"description\":\"Automotive Containers\",\"potentialAction\":[{\"@type\":\"SearchAction\",\"target\":{\"@type\":\"EntryPoint\",\"urlTemplate\":\"\/?s={search_term_string}\"},\"query-input\":\"required name=search_term_string\"}],\"inLanguage\":\"sk-SK\"}]}<\/script>\n<!-- \/ Yoast SEO plugin. -->","yoast_head_json":{"title":"O firme - Prisma Engineering","robots":{"index":"index","follow":"follow","max-snippet":"max-snippet:-1","max-image-preview":"max-image-preview:large","max-video-preview":"max-video-preview:-1"},"canonical":"https:\/\/prisma-e.com\/sk\/o-firme\/","og_locale":"sk_SK","og_type":"article","og_title":"O firme - Prisma Engineering","og_description":"Spolo\u010dnos\u0165 Prisma Engineering bola zalo\u017een\u00e1 v roku 2017 s hlavnou \u010dinnos\u0165ou v oblasti spracovania kovov, najm\u00e4 pre automobilov\u00fd priemysel pre oblas\u0165 balenia (packaging) \u0161tandardn\u00fdch produktov a variantov na objedn\u00e1vku. Dvadsa\u0165ro\u010dn\u00e9 sk\u00fasenosti n\u00e1\u0161ho t\u00edmu v tejto oblasti viedli k vytvoreniu priemyseln\u00fdch kontajnerov \/ voz\u00edkov, ktor\u00e9 rie\u0161ia najzlo\u017eitej\u0161ie probl\u00e9my t\u00fdkaj\u00face sa manipul\u00e1cie s materi\u00e1lom a skladovania na [&hellip;]","og_url":"https:\/\/prisma-e.com\/sk\/o-firme\/","og_site_name":"Prisma Engineering","article_modified_time":"2024-06-19T09:45:35+00:00","og_image":[{"width":2000,"height":1196,"url":"https:\/\/prisma-e.com\/wp-content\/uploads\/azienda-1.jpg","type":"image\/jpeg"}],"twitter_card":"summary_large_image","twitter_misc":{"Predpokladan\u00fd \u010das \u010d\u00edtania":"1 min\u00fata"},"schema":{"@context":"https:\/\/schema.org","@graph":[{"@type":"WebPage","@id":"https:\/\/prisma-e.com\/sk\/o-firme\/","url":"https:\/\/prisma-e.com\/sk\/o-firme\/","name":"O firme - Prisma Engineering","isPartOf":{"@id":"\/#website"},"primaryImageOfPage":{"@id":"https:\/\/prisma-e.com\/sk\/o-firme\/#primaryimage"},"image":{"@id":"https:\/\/prisma-e.com\/sk\/o-firme\/#primaryimage"},"thumbnailUrl":"https:\/\/prisma-e.com\/wp-content\/uploads\/azienda-1.jpg","datePublished":"2020-02-11T22:19:51+00:00","dateModified":"2024-06-19T09:45:35+00:00","inLanguage":"sk-SK","potentialAction":[{"@type":"ReadAction","target":["https:\/\/prisma-e.com\/sk\/o-firme\/"]}]},{"@type":"ImageObject","inLanguage":"sk-SK","@id":"https:\/\/prisma-e.com\/sk\/o-firme\/#primaryimage","url":"https:\/\/prisma-e.com\/wp-content\/uploads\/azienda-1.jpg","contentUrl":"https:\/\/prisma-e.com\/wp-content\/uploads\/azienda-1.jpg","width":2000,"height":1196},{"@type":"WebSite","@id":"\/#website","url":"\/","name":"Prisma Engineering","description":"Automotive Containers","potentialAction":[{"@type":"SearchAction","target":{"@type":"EntryPoint","urlTemplate":"\/?s={search_term_string}"},"query-input":"required name=search_term_string"}],"inLanguage":"sk-SK"}]}},"_links":{"self":[{"href":"https:\/\/prisma-e.com\/sk\/wp-json\/wp\/v2\/pages\/391"}],"collection":[{"href":"https:\/\/prisma-e.com\/sk\/wp-json\/wp\/v2\/pages"}],"about":[{"href":"https:\/\/prisma-e.com\/sk\/wp-json\/wp\/v2\/types\/page"}],"author":[{"embeddable":true,"href":"https:\/\/prisma-e.com\/sk\/wp-json\/wp\/v2\/users\/1"}],"replies":[{"embeddable":true,"href":"https:\/\/prisma-e.com\/sk\/wp-json\/wp\/v2\/comments?post=391"}],"version-history":[{"count":6,"href":"https:\/\/prisma-e.com\/sk\/wp-json\/wp\/v2\/pages\/391\/revisions"}],"predecessor-version":[{"id":1171,"href":"https:\/\/prisma-e.com\/sk\/wp-json\/wp\/v2\/pages\/391\/revisions\/1171"}],"wp:featuredmedia":[{"embeddable":true,"href":"https:\/\/prisma-e.com\/sk\/wp-json\/wp\/v2\/media\/392"}],"wp:attachment":[{"href":"https:\/\/prisma-e.com\/sk\/wp-json\/wp\/v2\/media?parent=391"}],"curies":[{"name":"wp","href":"https:\/\/api.w.org\/{rel}","templated":true}]}}