{"id":2,"date":"2020-02-11T22:20:11","date_gmt":"2020-02-11T21:20:11","guid":{"rendered":"http:\/\/prisma-e.com\/?page_id=2"},"modified":"2024-06-19T11:46:55","modified_gmt":"2024-06-19T09:46:55","slug":"storia","status":"publish","type":"page","link":"https:\/\/prisma-e.com\/it\/lazienda\/storia\/","title":{"rendered":"Storia"},"content":{"rendered":"\n<p>Fondata nel 2017, La Prisma Engineering S.r.o. opera nel settore Automotive nel campo del packaging specifico e standard.<\/p>\n\n\n\n<p>La nostra esperienza nasce per contenere e trasportare ogni singolo pezzo di un\u2019autovettura considerando che per comporre un\u2019automobile occorrono circa 22.000 pezzi.<\/p>\n\n\n\n<p>Il sito Produttivo si estende su una superficie di 7.000 mq con un\u2019area coperta di 2.500 mq.<\/p>\n\n\n\n<div style=\"height:30px\" aria-hidden=\"true\" class=\"wp-block-spacer\"><\/div>\n\n\n\n<p>L\u2019esperienza ventennale dei soci in questo campo, porta a fabbricare contenitori\/carrelli strutture industriali per svariate applicazioni risolvendo le pi\u00f9 complesse richieste relative alla movimentazione dei componenti Automotive e stoccaggio adiacenti alle linee di produzione.<\/p>\n\n\n\n<p>Il nostro ufficio di progettazione studia&nbsp;svariate soluzioni richieste dai clienti, considerando il rispetto delle norme di sicurezza sul lavoro, ergonomia, qualit\u00e0.<\/p>\n\n\n\n<div style=\"height:30px\" aria-hidden=\"true\" class=\"wp-block-spacer\"><\/div>\n\n\n\n<p>La nostra sfida e quella di utilizzare materiali che rispettano sempre pi\u00f9 le severe norme ambientali.<\/p>\n\n\n\n<p>Lo studio che viene svolto quotidianamente considera le migliori soluzione per gli spazi, stoccaggio e trasposto.<\/p>\n\n\n\n<p>Dal 2018 l\u2019azienda \u00e8 certificata ISO 9001:2015.<\/p>\n\n\n\n<p>La nostra societ\u00e0 realizza verniciatura a polvere avendo installato nel 2018 un impianto di ultima generazione con<br>forno di cottura statico per polimerizzazione della polvere&nbsp;possiamo contenere strutture di dimensioni utili di utilizzo 2.700 x 6.000 x H 2.900mm.<\/p>\n\n\n\n<div style=\"height:30px\" aria-hidden=\"true\" class=\"wp-block-spacer\"><\/div>\n\n\n\n<p>Nel 2022 \u00e8 stato installato un impianto laser fibra di ultima generazione da 6kw che ci consente maggior risparmio e pi\u00f9 competitivit\u00e0 sul mercato.<\/p>\n\n\n\n<p>L\u2019obbiettivo del nostro Team e quello di affermarsi sempre pi\u00f9 tra i maggior competitors Europei affermandosi di anno in anno.<\/p>\n\n\n\n<div style=\"height:30px\" aria-hidden=\"true\" class=\"wp-block-spacer\"><\/div>\n","protected":false},"excerpt":{"rendered":"<p>Fondata nel 2017, La Prisma Engineering S.r.o. opera nel settore Automotive nel campo del packaging specifico e standard. La nostra esperienza nasce per contenere e trasportare ogni singolo pezzo di un\u2019autovettura considerando che per comporre un\u2019automobile occorrono circa 22.000 pezzi. Il sito Produttivo si estende su una superficie di 7.000 mq con un\u2019area coperta di [&hellip;]<\/p>\n","protected":false},"author":1,"featured_media":202,"parent":19,"menu_order":0,"comment_status":"closed","ping_status":"closed","template":"","meta":{"footnotes":""},"yoast_head":"<!-- This site is optimized with the Yoast SEO plugin v22.9 - https:\/\/yoast.com\/wordpress\/plugins\/seo\/ -->\n<title>Storia - Prisma Engineering<\/title>\n<meta name=\"robots\" content=\"index, follow, max-snippet:-1, max-image-preview:large, max-video-preview:-1\" \/>\n<link rel=\"canonical\" href=\"https:\/\/prisma-e.com\/it\/lazienda\/storia\/\" \/>\n<meta property=\"og:locale\" content=\"it_IT\" \/>\n<meta property=\"og:type\" content=\"article\" \/>\n<meta property=\"og:title\" content=\"Storia - Prisma Engineering\" \/>\n<meta property=\"og:description\" content=\"Fondata nel 2017, La Prisma Engineering S.r.o. opera nel settore Automotive nel campo del packaging specifico e standard. La nostra esperienza nasce per contenere e trasportare ogni singolo pezzo di un\u2019autovettura considerando che per comporre un\u2019automobile occorrono circa 22.000 pezzi. Il sito Produttivo si estende su una superficie di 7.000 mq con un\u2019area coperta di [&hellip;]\" \/>\n<meta property=\"og:url\" content=\"https:\/\/prisma-e.com\/it\/lazienda\/storia\/\" \/>\n<meta property=\"og:site_name\" content=\"Prisma Engineering\" \/>\n<meta property=\"article:modified_time\" content=\"2024-06-19T09:46:55+00:00\" \/>\n<meta property=\"og:image\" content=\"https:\/\/prisma-e.com\/wp-content\/uploads\/BG_IMG_0009-scaled.jpg\" \/>\n\t<meta property=\"og:image:width\" content=\"2560\" \/>\n\t<meta property=\"og:image:height\" content=\"1920\" \/>\n\t<meta property=\"og:image:type\" content=\"image\/jpeg\" \/>\n<meta name=\"twitter:card\" content=\"summary_large_image\" \/>\n<meta name=\"twitter:label1\" content=\"Tempo di lettura stimato\" \/>\n\t<meta name=\"twitter:data1\" content=\"2 minuti\" \/>\n<script type=\"application\/ld+json\" class=\"yoast-schema-graph\">{\"@context\":\"https:\/\/schema.org\",\"@graph\":[{\"@type\":\"WebPage\",\"@id\":\"https:\/\/prisma-e.com\/it\/lazienda\/storia\/\",\"url\":\"https:\/\/prisma-e.com\/it\/lazienda\/storia\/\",\"name\":\"Storia - Prisma Engineering\",\"isPartOf\":{\"@id\":\"\/#website\"},\"primaryImageOfPage\":{\"@id\":\"https:\/\/prisma-e.com\/it\/lazienda\/storia\/#primaryimage\"},\"image\":{\"@id\":\"https:\/\/prisma-e.com\/it\/lazienda\/storia\/#primaryimage\"},\"thumbnailUrl\":\"https:\/\/prisma-e.com\/wp-content\/uploads\/BG_IMG_0009-scaled.jpg\",\"datePublished\":\"2020-02-11T21:20:11+00:00\",\"dateModified\":\"2024-06-19T09:46:55+00:00\",\"breadcrumb\":{\"@id\":\"https:\/\/prisma-e.com\/it\/lazienda\/storia\/#breadcrumb\"},\"inLanguage\":\"it-IT\",\"potentialAction\":[{\"@type\":\"ReadAction\",\"target\":[\"https:\/\/prisma-e.com\/it\/lazienda\/storia\/\"]}]},{\"@type\":\"ImageObject\",\"inLanguage\":\"it-IT\",\"@id\":\"https:\/\/prisma-e.com\/it\/lazienda\/storia\/#primaryimage\",\"url\":\"https:\/\/prisma-e.com\/wp-content\/uploads\/BG_IMG_0009-scaled.jpg\",\"contentUrl\":\"https:\/\/prisma-e.com\/wp-content\/uploads\/BG_IMG_0009-scaled.jpg\",\"width\":2560,\"height\":1920},{\"@type\":\"BreadcrumbList\",\"@id\":\"https:\/\/prisma-e.com\/it\/lazienda\/storia\/#breadcrumb\",\"itemListElement\":[{\"@type\":\"ListItem\",\"position\":1,\"name\":\"Home\",\"item\":\"https:\/\/prisma-e.com\/it\/lazienda\/\"},{\"@type\":\"ListItem\",\"position\":2,\"name\":\"Storia\"}]},{\"@type\":\"WebSite\",\"@id\":\"\/#website\",\"url\":\"\/\",\"name\":\"Prisma Engineering\",\"description\":\"Automotive Containers\",\"potentialAction\":[{\"@type\":\"SearchAction\",\"target\":{\"@type\":\"EntryPoint\",\"urlTemplate\":\"\/?s={search_term_string}\"},\"query-input\":\"required name=search_term_string\"}],\"inLanguage\":\"it-IT\"}]}<\/script>\n<!-- \/ Yoast SEO plugin. -->","yoast_head_json":{"title":"Storia - Prisma Engineering","robots":{"index":"index","follow":"follow","max-snippet":"max-snippet:-1","max-image-preview":"max-image-preview:large","max-video-preview":"max-video-preview:-1"},"canonical":"https:\/\/prisma-e.com\/it\/lazienda\/storia\/","og_locale":"it_IT","og_type":"article","og_title":"Storia - Prisma Engineering","og_description":"Fondata nel 2017, La Prisma Engineering S.r.o. opera nel settore Automotive nel campo del packaging specifico e standard. La nostra esperienza nasce per contenere e trasportare ogni singolo pezzo di un\u2019autovettura considerando che per comporre un\u2019automobile occorrono circa 22.000 pezzi. Il sito Produttivo si estende su una superficie di 7.000 mq con un\u2019area coperta di [&hellip;]","og_url":"https:\/\/prisma-e.com\/it\/lazienda\/storia\/","og_site_name":"Prisma Engineering","article_modified_time":"2024-06-19T09:46:55+00:00","og_image":[{"width":2560,"height":1920,"url":"https:\/\/prisma-e.com\/wp-content\/uploads\/BG_IMG_0009-scaled.jpg","type":"image\/jpeg"}],"twitter_card":"summary_large_image","twitter_misc":{"Tempo di lettura stimato":"2 minuti"},"schema":{"@context":"https:\/\/schema.org","@graph":[{"@type":"WebPage","@id":"https:\/\/prisma-e.com\/it\/lazienda\/storia\/","url":"https:\/\/prisma-e.com\/it\/lazienda\/storia\/","name":"Storia - Prisma Engineering","isPartOf":{"@id":"\/#website"},"primaryImageOfPage":{"@id":"https:\/\/prisma-e.com\/it\/lazienda\/storia\/#primaryimage"},"image":{"@id":"https:\/\/prisma-e.com\/it\/lazienda\/storia\/#primaryimage"},"thumbnailUrl":"https:\/\/prisma-e.com\/wp-content\/uploads\/BG_IMG_0009-scaled.jpg","datePublished":"2020-02-11T21:20:11+00:00","dateModified":"2024-06-19T09:46:55+00:00","breadcrumb":{"@id":"https:\/\/prisma-e.com\/it\/lazienda\/storia\/#breadcrumb"},"inLanguage":"it-IT","potentialAction":[{"@type":"ReadAction","target":["https:\/\/prisma-e.com\/it\/lazienda\/storia\/"]}]},{"@type":"ImageObject","inLanguage":"it-IT","@id":"https:\/\/prisma-e.com\/it\/lazienda\/storia\/#primaryimage","url":"https:\/\/prisma-e.com\/wp-content\/uploads\/BG_IMG_0009-scaled.jpg","contentUrl":"https:\/\/prisma-e.com\/wp-content\/uploads\/BG_IMG_0009-scaled.jpg","width":2560,"height":1920},{"@type":"BreadcrumbList","@id":"https:\/\/prisma-e.com\/it\/lazienda\/storia\/#breadcrumb","itemListElement":[{"@type":"ListItem","position":1,"name":"Home","item":"https:\/\/prisma-e.com\/it\/lazienda\/"},{"@type":"ListItem","position":2,"name":"Storia"}]},{"@type":"WebSite","@id":"\/#website","url":"\/","name":"Prisma Engineering","description":"Automotive Containers","potentialAction":[{"@type":"SearchAction","target":{"@type":"EntryPoint","urlTemplate":"\/?s={search_term_string}"},"query-input":"required name=search_term_string"}],"inLanguage":"it-IT"}]}},"_links":{"self":[{"href":"https:\/\/prisma-e.com\/it\/wp-json\/wp\/v2\/pages\/2"}],"collection":[{"href":"https:\/\/prisma-e.com\/it\/wp-json\/wp\/v2\/pages"}],"about":[{"href":"https:\/\/prisma-e.com\/it\/wp-json\/wp\/v2\/types\/page"}],"author":[{"embeddable":true,"href":"https:\/\/prisma-e.com\/it\/wp-json\/wp\/v2\/users\/1"}],"replies":[{"embeddable":true,"href":"https:\/\/prisma-e.com\/it\/wp-json\/wp\/v2\/comments?post=2"}],"version-history":[{"count":21,"href":"https:\/\/prisma-e.com\/it\/wp-json\/wp\/v2\/pages\/2\/revisions"}],"predecessor-version":[{"id":1172,"href":"https:\/\/prisma-e.com\/it\/wp-json\/wp\/v2\/pages\/2\/revisions\/1172"}],"up":[{"embeddable":true,"href":"https:\/\/prisma-e.com\/it\/wp-json\/wp\/v2\/pages\/19"}],"wp:featuredmedia":[{"embeddable":true,"href":"https:\/\/prisma-e.com\/it\/wp-json\/wp\/v2\/media\/202"}],"wp:attachment":[{"href":"https:\/\/prisma-e.com\/it\/wp-json\/wp\/v2\/media?parent=2"}],"curies":[{"name":"wp","href":"https:\/\/api.w.org\/{rel}","templated":true}]}}