{"id":444,"date":"2020-02-11T23:19:51","date_gmt":"2020-02-11T22:19:51","guid":{"rendered":"http:\/\/prisma-e.com\/lazienda\/"},"modified":"2024-06-19T11:36:18","modified_gmt":"2024-06-19T09:36:18","slug":"la-societe","status":"publish","type":"page","link":"https:\/\/prisma-e.com\/fr\/la-societe\/","title":{"rendered":"La soci\u00e9t\u00e9"},"content":{"rendered":"\n<div class=\"wp-block-columns desc-2-colonne is-layout-flex wp-container-core-columns-is-layout-1 wp-block-columns-is-layout-flex\">\n<div class=\"wp-block-column is-layout-flow wp-block-column-is-layout-flow\">\n<h4 class=\"wp-block-heading\">Fond\u00e9e en 2017, Prisma Engineering S.r.o intervient dans le secteur de la construction m\u00e9tallique.; Prisma Engineering S.r.o s\u2019est sp\u00e9cialis\u00e9e dans le d\u00e9veloppement et la fabrication d\u2019emballages m\u00e9talliques r\u00e9cup\u00e9rables et standard destin\u00e9s \u00e0 l\u2019industrie automobile<\/h4>\n<\/div>\n\n\n\n<div class=\"wp-block-column is-layout-flow wp-block-column-is-layout-flow\">\n<p>L&rsquo;exp\u00e9rience acquise durant une vingtaine d\u2019ann\u00e9es par l\u2019\u00e9quipe dirigeante, permet de d\u00e9velopper et proposer des solutions innovantes, des containers m\u00e9talliques industriels pour de multiples applications permettant de r\u00e9soudre les probl\u00e9matiques les plus complexes relatives \u00e0 la manutention des produits et leur stockage en bord des ligne de production<\/p>\n\n\n\n<div style=\"height:30px\" aria-hidden=\"true\" class=\"wp-block-spacer\"><\/div>\n\n\n\n<p>Le bureau d\u2019\u00e9tudes d\u2019PRISMA ENGINEERING s.r.o permet d\u2019\u00e9tudier et proposer diff\u00e9rentes solutions aux clients dans le respect des normes de s\u00e9curit\u00e9 et les meilleures situations d\u2019ergonomie pour les op\u00e9rateurs de proposer les mat\u00e9riaux les plus adapt\u00e9s dans le respect des normes environnementales et avec pour objectifs d\u2019atteindre les meilleures conditions \u00e9conomiques<\/p>\n\n\n\n<p>L\u2019objectif est de toujours&nbsp; proposer les meilleures solutions pour optimiser les espaces disponibles, le stockage et le nombre de pi\u00e8ces par emballage , lors de leur transport<\/p>\n<\/div>\n<\/div>\n\n\n\n<p><\/p>\n","protected":false},"excerpt":{"rendered":"<p>Fond\u00e9e en 2017, Prisma Engineering S.r.o intervient dans le secteur de la construction m\u00e9tallique.; Prisma Engineering S.r.o s\u2019est sp\u00e9cialis\u00e9e dans le d\u00e9veloppement et la fabrication d\u2019emballages m\u00e9talliques r\u00e9cup\u00e9rables et standard destin\u00e9s \u00e0 l\u2019industrie automobile L&rsquo;exp\u00e9rience acquise durant une vingtaine d\u2019ann\u00e9es par l\u2019\u00e9quipe dirigeante, permet de d\u00e9velopper et proposer des solutions innovantes, des containers m\u00e9talliques industriels [&hellip;]<\/p>\n","protected":false},"author":1,"featured_media":52,"parent":0,"menu_order":0,"comment_status":"closed","ping_status":"closed","template":"","meta":{"footnotes":""},"yoast_head":"<!-- This site is optimized with the Yoast SEO plugin v22.9 - https:\/\/yoast.com\/wordpress\/plugins\/seo\/ -->\n<title>La soci\u00e9t\u00e9 - Prisma Engineering<\/title>\n<meta name=\"robots\" content=\"index, follow, max-snippet:-1, max-image-preview:large, max-video-preview:-1\" \/>\n<link rel=\"canonical\" href=\"https:\/\/prisma-e.com\/fr\/la-societe\/\" \/>\n<meta property=\"og:locale\" content=\"fr_FR\" \/>\n<meta property=\"og:type\" content=\"article\" \/>\n<meta property=\"og:title\" content=\"La soci\u00e9t\u00e9 - Prisma Engineering\" \/>\n<meta property=\"og:description\" content=\"Fond\u00e9e en 2017, Prisma Engineering S.r.o intervient dans le secteur de la construction m\u00e9tallique.; Prisma Engineering S.r.o s\u2019est sp\u00e9cialis\u00e9e dans le d\u00e9veloppement et la fabrication d\u2019emballages m\u00e9talliques r\u00e9cup\u00e9rables et standard destin\u00e9s \u00e0 l\u2019industrie automobile L&rsquo;exp\u00e9rience acquise durant une vingtaine d\u2019ann\u00e9es par l\u2019\u00e9quipe dirigeante, permet de d\u00e9velopper et proposer des solutions innovantes, des containers m\u00e9talliques industriels [&hellip;]\" \/>\n<meta property=\"og:url\" content=\"https:\/\/prisma-e.com\/fr\/la-societe\/\" \/>\n<meta property=\"og:site_name\" content=\"Prisma Engineering\" \/>\n<meta property=\"article:modified_time\" content=\"2024-06-19T09:36:18+00:00\" \/>\n<meta property=\"og:image\" content=\"https:\/\/prisma-e.com\/wp-content\/uploads\/azienda-1.jpg\" \/>\n\t<meta property=\"og:image:width\" content=\"2000\" \/>\n\t<meta property=\"og:image:height\" content=\"1196\" \/>\n\t<meta property=\"og:image:type\" content=\"image\/jpeg\" \/>\n<meta name=\"twitter:card\" content=\"summary_large_image\" \/>\n<meta name=\"twitter:label1\" content=\"Dur\u00e9e de lecture estim\u00e9e\" \/>\n\t<meta name=\"twitter:data1\" content=\"2 minutes\" \/>\n<script type=\"application\/ld+json\" class=\"yoast-schema-graph\">{\"@context\":\"https:\/\/schema.org\",\"@graph\":[{\"@type\":\"WebPage\",\"@id\":\"https:\/\/prisma-e.com\/fr\/la-societe\/\",\"url\":\"https:\/\/prisma-e.com\/fr\/la-societe\/\",\"name\":\"La soci\u00e9t\u00e9 - Prisma Engineering\",\"isPartOf\":{\"@id\":\"\/#website\"},\"primaryImageOfPage\":{\"@id\":\"https:\/\/prisma-e.com\/fr\/la-societe\/#primaryimage\"},\"image\":{\"@id\":\"https:\/\/prisma-e.com\/fr\/la-societe\/#primaryimage\"},\"thumbnailUrl\":\"https:\/\/prisma-e.com\/wp-content\/uploads\/azienda-1.jpg\",\"datePublished\":\"2020-02-11T22:19:51+00:00\",\"dateModified\":\"2024-06-19T09:36:18+00:00\",\"inLanguage\":\"fr-FR\",\"potentialAction\":[{\"@type\":\"ReadAction\",\"target\":[\"https:\/\/prisma-e.com\/fr\/la-societe\/\"]}]},{\"@type\":\"ImageObject\",\"inLanguage\":\"fr-FR\",\"@id\":\"https:\/\/prisma-e.com\/fr\/la-societe\/#primaryimage\",\"url\":\"https:\/\/prisma-e.com\/wp-content\/uploads\/azienda-1.jpg\",\"contentUrl\":\"https:\/\/prisma-e.com\/wp-content\/uploads\/azienda-1.jpg\",\"width\":2000,\"height\":1196},{\"@type\":\"WebSite\",\"@id\":\"\/#website\",\"url\":\"\/\",\"name\":\"Prisma Engineering\",\"description\":\"Automotive Containers\",\"potentialAction\":[{\"@type\":\"SearchAction\",\"target\":{\"@type\":\"EntryPoint\",\"urlTemplate\":\"\/?s={search_term_string}\"},\"query-input\":\"required name=search_term_string\"}],\"inLanguage\":\"fr-FR\"}]}<\/script>\n<!-- \/ Yoast SEO plugin. -->","yoast_head_json":{"title":"La soci\u00e9t\u00e9 - Prisma Engineering","robots":{"index":"index","follow":"follow","max-snippet":"max-snippet:-1","max-image-preview":"max-image-preview:large","max-video-preview":"max-video-preview:-1"},"canonical":"https:\/\/prisma-e.com\/fr\/la-societe\/","og_locale":"fr_FR","og_type":"article","og_title":"La soci\u00e9t\u00e9 - Prisma Engineering","og_description":"Fond\u00e9e en 2017, Prisma Engineering S.r.o intervient dans le secteur de la construction m\u00e9tallique.; Prisma Engineering S.r.o s\u2019est sp\u00e9cialis\u00e9e dans le d\u00e9veloppement et la fabrication d\u2019emballages m\u00e9talliques r\u00e9cup\u00e9rables et standard destin\u00e9s \u00e0 l\u2019industrie automobile L&rsquo;exp\u00e9rience acquise durant une vingtaine d\u2019ann\u00e9es par l\u2019\u00e9quipe dirigeante, permet de d\u00e9velopper et proposer des solutions innovantes, des containers m\u00e9talliques industriels [&hellip;]","og_url":"https:\/\/prisma-e.com\/fr\/la-societe\/","og_site_name":"Prisma Engineering","article_modified_time":"2024-06-19T09:36:18+00:00","og_image":[{"width":2000,"height":1196,"url":"https:\/\/prisma-e.com\/wp-content\/uploads\/azienda-1.jpg","type":"image\/jpeg"}],"twitter_card":"summary_large_image","twitter_misc":{"Dur\u00e9e de lecture estim\u00e9e":"2 minutes"},"schema":{"@context":"https:\/\/schema.org","@graph":[{"@type":"WebPage","@id":"https:\/\/prisma-e.com\/fr\/la-societe\/","url":"https:\/\/prisma-e.com\/fr\/la-societe\/","name":"La soci\u00e9t\u00e9 - Prisma Engineering","isPartOf":{"@id":"\/#website"},"primaryImageOfPage":{"@id":"https:\/\/prisma-e.com\/fr\/la-societe\/#primaryimage"},"image":{"@id":"https:\/\/prisma-e.com\/fr\/la-societe\/#primaryimage"},"thumbnailUrl":"https:\/\/prisma-e.com\/wp-content\/uploads\/azienda-1.jpg","datePublished":"2020-02-11T22:19:51+00:00","dateModified":"2024-06-19T09:36:18+00:00","inLanguage":"fr-FR","potentialAction":[{"@type":"ReadAction","target":["https:\/\/prisma-e.com\/fr\/la-societe\/"]}]},{"@type":"ImageObject","inLanguage":"fr-FR","@id":"https:\/\/prisma-e.com\/fr\/la-societe\/#primaryimage","url":"https:\/\/prisma-e.com\/wp-content\/uploads\/azienda-1.jpg","contentUrl":"https:\/\/prisma-e.com\/wp-content\/uploads\/azienda-1.jpg","width":2000,"height":1196},{"@type":"WebSite","@id":"\/#website","url":"\/","name":"Prisma Engineering","description":"Automotive Containers","potentialAction":[{"@type":"SearchAction","target":{"@type":"EntryPoint","urlTemplate":"\/?s={search_term_string}"},"query-input":"required name=search_term_string"}],"inLanguage":"fr-FR"}]}},"_links":{"self":[{"href":"https:\/\/prisma-e.com\/fr\/wp-json\/wp\/v2\/pages\/444"}],"collection":[{"href":"https:\/\/prisma-e.com\/fr\/wp-json\/wp\/v2\/pages"}],"about":[{"href":"https:\/\/prisma-e.com\/fr\/wp-json\/wp\/v2\/types\/page"}],"author":[{"embeddable":true,"href":"https:\/\/prisma-e.com\/fr\/wp-json\/wp\/v2\/users\/1"}],"replies":[{"embeddable":true,"href":"https:\/\/prisma-e.com\/fr\/wp-json\/wp\/v2\/comments?post=444"}],"version-history":[{"count":5,"href":"https:\/\/prisma-e.com\/fr\/wp-json\/wp\/v2\/pages\/444\/revisions"}],"predecessor-version":[{"id":1167,"href":"https:\/\/prisma-e.com\/fr\/wp-json\/wp\/v2\/pages\/444\/revisions\/1167"}],"wp:featuredmedia":[{"embeddable":true,"href":"https:\/\/prisma-e.com\/fr\/wp-json\/wp\/v2\/media\/52"}],"wp:attachment":[{"href":"https:\/\/prisma-e.com\/fr\/wp-json\/wp\/v2\/media?parent=444"}],"curies":[{"name":"wp","href":"https:\/\/api.w.org\/{rel}","templated":true}]}}