{"id":440,"date":"2020-02-11T22:20:11","date_gmt":"2020-02-11T21:20:11","guid":{"rendered":"http:\/\/prisma-e.com\/storia\/"},"modified":"2024-06-19T11:47:24","modified_gmt":"2024-06-19T09:47:24","slug":"histoire","status":"publish","type":"page","link":"https:\/\/prisma-e.com\/fr\/la-societe\/histoire\/","title":{"rendered":"Histoire"},"content":{"rendered":"\n<p><\/p>\n\n\n\n<p>Fond\u00e9e en 2017, La soci\u00e9t\u00e9 Prisma Engineering S.r.o. op\u00e8re dans le secteur automobile dans le domaine des emballages sp\u00e9cifiques et standards.<\/p>\n\n\n\n<p>Notre exp\u00e9rience est n\u00e9e pour contenir et transporter chaque pi\u00e8ce d&rsquo;une voiture, sachant qu&rsquo;il faut environ 22 000 pi\u00e8ces pour fabriquer une voiture.<\/p>\n\n\n\n<p>Le site de production s&rsquo;\u00e9tend sur une superficie de 7 000 m2 avec une surface couverte de 2 500 m2.<\/p>\n\n\n\n<div style=\"height:30px\" aria-hidden=\"true\" class=\"wp-block-spacer\"><\/div>\n\n\n\n<p>Vingt ans d\u2019exp\u00e9rience, partenariat dans ce domaine, conduit \u00e0 la fabrication de conteneurs\/chariots industriels pour diverses applications, r\u00e9solvant les demandes les plus complexes li\u00e9es au mouvement des composants automobiles et au stockage \u00e0 c\u00f4t\u00e9 des lignes de production.<\/p>\n\n\n\n<p>Notre bureau d&rsquo;\u00e9tudes d\u00e9veloppe diff\u00e9rentes solutions demand\u00e9es par les clients en tenant compte du respect des normes de s\u00e9curit\u00e9, d&rsquo;ergonomie et de qualit\u00e9 des lieux de travail.<\/p>\n\n\n\n<div style=\"height:30px\" aria-hidden=\"true\" class=\"wp-block-spacer\"><\/div>\n\n\n\n<p>Notre d\u00e9fi est d\u2019utiliser des mat\u00e9riaux de plus en plus conformes \u00e0 des normes environnementales strictes.<\/p>\n\n\n\n<p>L&rsquo;\u00e9tude r\u00e9alis\u00e9e quotidiennement consid\u00e8re les meilleures solutions en mati\u00e8re d&rsquo;espace, de stockage et de transport.<\/p>\n\n\n\n<p>Depuis 2018, l&rsquo;entreprise est certifi\u00e9e ISO 9001 :2015.<\/p>\n\n\n\n<p>Notre entreprise r\u00e9alise \u00e9galement du rev\u00eatement en poudre, apr\u00e8s avoir install\u00e9 en 2018 un syst\u00e8me de derni\u00e8re g\u00e9n\u00e9ration avec four de cuisson statique pour la polym\u00e9risation des poudres, nous pouvons contenir des structures de dimensions utiles de 2 700 x 6 000 x H 2 900 mm.<\/p>\n\n\n\n<div style=\"height:30px\" aria-hidden=\"true\" class=\"wp-block-spacer\"><\/div>\n\n\n\n<p>En 2022, un syst\u00e8me de d\u00e9coupe laser \u00e0 fibre de 6 kW de derni\u00e8re g\u00e9n\u00e9ration a \u00e9t\u00e9 install\u00e9, ce qui nous permet de plus grandes \u00e9conomies et plus de comp\u00e9titivit\u00e9 sur le march\u00e9.<\/p>\n\n\n\n<p>L&rsquo;objectif de notre Team est de s&rsquo;imposer de plus en plus parmi les principaux concurrents europ\u00e9ens, en s&rsquo;imposant ann\u00e9e apr\u00e8s ann\u00e9e.<\/p>\n\n\n\n<div style=\"height:30px\" aria-hidden=\"true\" class=\"wp-block-spacer\"><\/div>\n","protected":false},"excerpt":{"rendered":"<p>Fond\u00e9e en 2017, La soci\u00e9t\u00e9 Prisma Engineering S.r.o. op\u00e8re dans le secteur automobile dans le domaine des emballages sp\u00e9cifiques et standards. Notre exp\u00e9rience est n\u00e9e pour contenir et transporter chaque pi\u00e8ce d&rsquo;une voiture, sachant qu&rsquo;il faut environ 22 000 pi\u00e8ces pour fabriquer une voiture. Le site de production s&rsquo;\u00e9tend sur une superficie de 7 000 [&hellip;]<\/p>\n","protected":false},"author":1,"featured_media":204,"parent":444,"menu_order":0,"comment_status":"closed","ping_status":"closed","template":"","meta":{"footnotes":""},"yoast_head":"<!-- This site is optimized with the Yoast SEO plugin v22.9 - https:\/\/yoast.com\/wordpress\/plugins\/seo\/ -->\n<title>Histoire - Prisma Engineering<\/title>\n<meta name=\"robots\" content=\"index, follow, max-snippet:-1, max-image-preview:large, max-video-preview:-1\" \/>\n<link rel=\"canonical\" href=\"https:\/\/prisma-e.com\/fr\/la-societe\/histoire\/\" \/>\n<meta property=\"og:locale\" content=\"fr_FR\" \/>\n<meta property=\"og:type\" content=\"article\" \/>\n<meta property=\"og:title\" content=\"Histoire - Prisma Engineering\" \/>\n<meta property=\"og:description\" content=\"Fond\u00e9e en 2017, La soci\u00e9t\u00e9 Prisma Engineering S.r.o. op\u00e8re dans le secteur automobile dans le domaine des emballages sp\u00e9cifiques et standards. Notre exp\u00e9rience est n\u00e9e pour contenir et transporter chaque pi\u00e8ce d&rsquo;une voiture, sachant qu&rsquo;il faut environ 22 000 pi\u00e8ces pour fabriquer une voiture. Le site de production s&rsquo;\u00e9tend sur une superficie de 7 000 [&hellip;]\" \/>\n<meta property=\"og:url\" content=\"https:\/\/prisma-e.com\/fr\/la-societe\/histoire\/\" \/>\n<meta property=\"og:site_name\" content=\"Prisma Engineering\" \/>\n<meta property=\"article:modified_time\" content=\"2024-06-19T09:47:24+00:00\" \/>\n<meta property=\"og:image\" content=\"https:\/\/prisma-e.com\/wp-content\/uploads\/BG_IMG_0009-scaled.jpg\" \/>\n\t<meta property=\"og:image:width\" content=\"2560\" \/>\n\t<meta property=\"og:image:height\" content=\"1920\" \/>\n\t<meta property=\"og:image:type\" content=\"image\/jpeg\" \/>\n<meta name=\"twitter:card\" content=\"summary_large_image\" \/>\n<meta name=\"twitter:label1\" content=\"Dur\u00e9e de lecture estim\u00e9e\" \/>\n\t<meta name=\"twitter:data1\" content=\"2 minutes\" \/>\n<script type=\"application\/ld+json\" class=\"yoast-schema-graph\">{\"@context\":\"https:\/\/schema.org\",\"@graph\":[{\"@type\":\"WebPage\",\"@id\":\"https:\/\/prisma-e.com\/fr\/la-societe\/histoire\/\",\"url\":\"https:\/\/prisma-e.com\/fr\/la-societe\/histoire\/\",\"name\":\"Histoire - Prisma Engineering\",\"isPartOf\":{\"@id\":\"\/#website\"},\"primaryImageOfPage\":{\"@id\":\"https:\/\/prisma-e.com\/fr\/la-societe\/histoire\/#primaryimage\"},\"image\":{\"@id\":\"https:\/\/prisma-e.com\/fr\/la-societe\/histoire\/#primaryimage\"},\"thumbnailUrl\":\"https:\/\/prisma-e.com\/wp-content\/uploads\/BG_IMG_0009-scaled.jpg\",\"datePublished\":\"2020-02-11T21:20:11+00:00\",\"dateModified\":\"2024-06-19T09:47:24+00:00\",\"breadcrumb\":{\"@id\":\"https:\/\/prisma-e.com\/fr\/la-societe\/histoire\/#breadcrumb\"},\"inLanguage\":\"fr-FR\",\"potentialAction\":[{\"@type\":\"ReadAction\",\"target\":[\"https:\/\/prisma-e.com\/fr\/la-societe\/histoire\/\"]}]},{\"@type\":\"ImageObject\",\"inLanguage\":\"fr-FR\",\"@id\":\"https:\/\/prisma-e.com\/fr\/la-societe\/histoire\/#primaryimage\",\"url\":\"https:\/\/prisma-e.com\/wp-content\/uploads\/BG_IMG_0009-scaled.jpg\",\"contentUrl\":\"https:\/\/prisma-e.com\/wp-content\/uploads\/BG_IMG_0009-scaled.jpg\",\"width\":2560,\"height\":1920},{\"@type\":\"BreadcrumbList\",\"@id\":\"https:\/\/prisma-e.com\/fr\/la-societe\/histoire\/#breadcrumb\",\"itemListElement\":[{\"@type\":\"ListItem\",\"position\":1,\"name\":\"Home\",\"item\":\"https:\/\/prisma-e.com\/fr\/la-societe\/\"},{\"@type\":\"ListItem\",\"position\":2,\"name\":\"Histoire\"}]},{\"@type\":\"WebSite\",\"@id\":\"\/#website\",\"url\":\"\/\",\"name\":\"Prisma Engineering\",\"description\":\"Automotive Containers\",\"potentialAction\":[{\"@type\":\"SearchAction\",\"target\":{\"@type\":\"EntryPoint\",\"urlTemplate\":\"\/?s={search_term_string}\"},\"query-input\":\"required name=search_term_string\"}],\"inLanguage\":\"fr-FR\"}]}<\/script>\n<!-- \/ Yoast SEO plugin. -->","yoast_head_json":{"title":"Histoire - Prisma Engineering","robots":{"index":"index","follow":"follow","max-snippet":"max-snippet:-1","max-image-preview":"max-image-preview:large","max-video-preview":"max-video-preview:-1"},"canonical":"https:\/\/prisma-e.com\/fr\/la-societe\/histoire\/","og_locale":"fr_FR","og_type":"article","og_title":"Histoire - Prisma Engineering","og_description":"Fond\u00e9e en 2017, La soci\u00e9t\u00e9 Prisma Engineering S.r.o. op\u00e8re dans le secteur automobile dans le domaine des emballages sp\u00e9cifiques et standards. Notre exp\u00e9rience est n\u00e9e pour contenir et transporter chaque pi\u00e8ce d&rsquo;une voiture, sachant qu&rsquo;il faut environ 22 000 pi\u00e8ces pour fabriquer une voiture. Le site de production s&rsquo;\u00e9tend sur une superficie de 7 000 [&hellip;]","og_url":"https:\/\/prisma-e.com\/fr\/la-societe\/histoire\/","og_site_name":"Prisma Engineering","article_modified_time":"2024-06-19T09:47:24+00:00","og_image":[{"width":2560,"height":1920,"url":"https:\/\/prisma-e.com\/wp-content\/uploads\/BG_IMG_0009-scaled.jpg","type":"image\/jpeg"}],"twitter_card":"summary_large_image","twitter_misc":{"Dur\u00e9e de lecture estim\u00e9e":"2 minutes"},"schema":{"@context":"https:\/\/schema.org","@graph":[{"@type":"WebPage","@id":"https:\/\/prisma-e.com\/fr\/la-societe\/histoire\/","url":"https:\/\/prisma-e.com\/fr\/la-societe\/histoire\/","name":"Histoire - Prisma Engineering","isPartOf":{"@id":"\/#website"},"primaryImageOfPage":{"@id":"https:\/\/prisma-e.com\/fr\/la-societe\/histoire\/#primaryimage"},"image":{"@id":"https:\/\/prisma-e.com\/fr\/la-societe\/histoire\/#primaryimage"},"thumbnailUrl":"https:\/\/prisma-e.com\/wp-content\/uploads\/BG_IMG_0009-scaled.jpg","datePublished":"2020-02-11T21:20:11+00:00","dateModified":"2024-06-19T09:47:24+00:00","breadcrumb":{"@id":"https:\/\/prisma-e.com\/fr\/la-societe\/histoire\/#breadcrumb"},"inLanguage":"fr-FR","potentialAction":[{"@type":"ReadAction","target":["https:\/\/prisma-e.com\/fr\/la-societe\/histoire\/"]}]},{"@type":"ImageObject","inLanguage":"fr-FR","@id":"https:\/\/prisma-e.com\/fr\/la-societe\/histoire\/#primaryimage","url":"https:\/\/prisma-e.com\/wp-content\/uploads\/BG_IMG_0009-scaled.jpg","contentUrl":"https:\/\/prisma-e.com\/wp-content\/uploads\/BG_IMG_0009-scaled.jpg","width":2560,"height":1920},{"@type":"BreadcrumbList","@id":"https:\/\/prisma-e.com\/fr\/la-societe\/histoire\/#breadcrumb","itemListElement":[{"@type":"ListItem","position":1,"name":"Home","item":"https:\/\/prisma-e.com\/fr\/la-societe\/"},{"@type":"ListItem","position":2,"name":"Histoire"}]},{"@type":"WebSite","@id":"\/#website","url":"\/","name":"Prisma Engineering","description":"Automotive Containers","potentialAction":[{"@type":"SearchAction","target":{"@type":"EntryPoint","urlTemplate":"\/?s={search_term_string}"},"query-input":"required name=search_term_string"}],"inLanguage":"fr-FR"}]}},"_links":{"self":[{"href":"https:\/\/prisma-e.com\/fr\/wp-json\/wp\/v2\/pages\/440"}],"collection":[{"href":"https:\/\/prisma-e.com\/fr\/wp-json\/wp\/v2\/pages"}],"about":[{"href":"https:\/\/prisma-e.com\/fr\/wp-json\/wp\/v2\/types\/page"}],"author":[{"embeddable":true,"href":"https:\/\/prisma-e.com\/fr\/wp-json\/wp\/v2\/users\/1"}],"replies":[{"embeddable":true,"href":"https:\/\/prisma-e.com\/fr\/wp-json\/wp\/v2\/comments?post=440"}],"version-history":[{"count":7,"href":"https:\/\/prisma-e.com\/fr\/wp-json\/wp\/v2\/pages\/440\/revisions"}],"predecessor-version":[{"id":1174,"href":"https:\/\/prisma-e.com\/fr\/wp-json\/wp\/v2\/pages\/440\/revisions\/1174"}],"up":[{"embeddable":true,"href":"https:\/\/prisma-e.com\/fr\/wp-json\/wp\/v2\/pages\/444"}],"wp:featuredmedia":[{"embeddable":true,"href":"https:\/\/prisma-e.com\/fr\/wp-json\/wp\/v2\/media\/204"}],"wp:attachment":[{"href":"https:\/\/prisma-e.com\/fr\/wp-json\/wp\/v2\/media?parent=440"}],"curies":[{"name":"wp","href":"https:\/\/api.w.org\/{rel}","templated":true}]}}