{"id":838,"date":"2023-04-04T20:39:29","date_gmt":"2023-04-04T18:39:29","guid":{"rendered":"https:\/\/prisma-e.com\/rezanie-plechu-vlaknom-laserom-6kw\/"},"modified":"2024-06-19T12:43:51","modified_gmt":"2024-06-19T10:43:51","slug":"laser-de-fibra-de-6kw-de-ultima-generacion","status":"publish","type":"page","link":"https:\/\/prisma-e.com\/es\/laser-de-fibra-de-6kw-de-ultima-generacion\/","title":{"rendered":"L\u00e1ser de fibra de 6kw de \u00faltima generaci\u00f3n"},"content":{"rendered":"\n<figure class=\"wp-block-video\"><video controls src=\"https:\/\/prisma-e.com\/wp-content\/uploads\/laser-cut-video-prisma.mp4\"><\/video><\/figure>\n\n\n\n<figure class=\"wp-block-gallery has-nested-images columns-3 is-cropped prodotti wp-block-gallery-1 is-layout-flex wp-block-gallery-is-layout-flex\">\n<figure class=\"wp-block-image size-large\"><img loading=\"lazy\" decoding=\"async\" width=\"1024\" height=\"577\" data-id=\"951\" src=\"https:\/\/prisma-e.com\/wp-content\/uploads\/laser-cut-1-1024x577.jpg\" alt=\"\" class=\"wp-image-951\" srcset=\"https:\/\/prisma-e.com\/wp-content\/uploads\/laser-cut-1-1024x577.jpg 1024w, https:\/\/prisma-e.com\/wp-content\/uploads\/laser-cut-1-300x169.jpg 300w, https:\/\/prisma-e.com\/wp-content\/uploads\/laser-cut-1-768x432.jpg 768w, https:\/\/prisma-e.com\/wp-content\/uploads\/laser-cut-1-1536x865.jpg 1536w, https:\/\/prisma-e.com\/wp-content\/uploads\/laser-cut-1.jpg 1600w\" sizes=\"(max-width: 1024px) 100vw, 1024px\" \/><\/figure>\n\n\n\n<figure class=\"wp-block-image size-large\"><img loading=\"lazy\" decoding=\"async\" width=\"1024\" height=\"461\" data-id=\"941\" src=\"https:\/\/prisma-e.com\/wp-content\/uploads\/laser-cut-2-1024x461.jpg\" alt=\"\" class=\"wp-image-941\" srcset=\"https:\/\/prisma-e.com\/wp-content\/uploads\/laser-cut-2-1024x461.jpg 1024w, https:\/\/prisma-e.com\/wp-content\/uploads\/laser-cut-2-300x135.jpg 300w, https:\/\/prisma-e.com\/wp-content\/uploads\/laser-cut-2-768x346.jpg 768w, https:\/\/prisma-e.com\/wp-content\/uploads\/laser-cut-2-1536x691.jpg 1536w, https:\/\/prisma-e.com\/wp-content\/uploads\/laser-cut-2.jpg 1600w\" sizes=\"(max-width: 1024px) 100vw, 1024px\" \/><\/figure>\n\n\n\n<figure class=\"wp-block-image size-large\"><img loading=\"lazy\" decoding=\"async\" width=\"1024\" height=\"461\" data-id=\"943\" src=\"https:\/\/prisma-e.com\/wp-content\/uploads\/laser-cut-3-1024x461.jpg\" alt=\"\" class=\"wp-image-943\" srcset=\"https:\/\/prisma-e.com\/wp-content\/uploads\/laser-cut-3-1024x461.jpg 1024w, https:\/\/prisma-e.com\/wp-content\/uploads\/laser-cut-3-300x135.jpg 300w, https:\/\/prisma-e.com\/wp-content\/uploads\/laser-cut-3-768x346.jpg 768w, https:\/\/prisma-e.com\/wp-content\/uploads\/laser-cut-3-1536x691.jpg 1536w, https:\/\/prisma-e.com\/wp-content\/uploads\/laser-cut-3.jpg 1600w\" sizes=\"(max-width: 1024px) 100vw, 1024px\" \/><\/figure>\n\n\n\n<figure class=\"wp-block-image size-large\"><img loading=\"lazy\" decoding=\"async\" width=\"1024\" height=\"461\" data-id=\"965\" src=\"https:\/\/prisma-e.com\/wp-content\/uploads\/laser-cut-4-1024x461.jpg\" alt=\"\" class=\"wp-image-965\" srcset=\"https:\/\/prisma-e.com\/wp-content\/uploads\/laser-cut-4-1024x461.jpg 1024w, https:\/\/prisma-e.com\/wp-content\/uploads\/laser-cut-4-300x135.jpg 300w, https:\/\/prisma-e.com\/wp-content\/uploads\/laser-cut-4-768x346.jpg 768w, https:\/\/prisma-e.com\/wp-content\/uploads\/laser-cut-4-1536x691.jpg 1536w, https:\/\/prisma-e.com\/wp-content\/uploads\/laser-cut-4.jpg 1600w\" sizes=\"(max-width: 1024px) 100vw, 1024px\" \/><\/figure>\n\n\n\n<figure class=\"wp-block-image size-large\"><img loading=\"lazy\" decoding=\"async\" width=\"1024\" height=\"577\" data-id=\"956\" src=\"https:\/\/prisma-e.com\/wp-content\/uploads\/laser-cut-5-1024x577.jpg\" alt=\"\" class=\"wp-image-956\" srcset=\"https:\/\/prisma-e.com\/wp-content\/uploads\/laser-cut-5-1024x577.jpg 1024w, https:\/\/prisma-e.com\/wp-content\/uploads\/laser-cut-5-300x169.jpg 300w, https:\/\/prisma-e.com\/wp-content\/uploads\/laser-cut-5-768x432.jpg 768w, https:\/\/prisma-e.com\/wp-content\/uploads\/laser-cut-5-1536x865.jpg 1536w, https:\/\/prisma-e.com\/wp-content\/uploads\/laser-cut-5.jpg 1600w\" sizes=\"(max-width: 1024px) 100vw, 1024px\" \/><\/figure>\n<\/figure>\n\n\n\n<figure class=\"wp-block-image size-full\"><a href=\"https:\/\/prisma-e.com\/wp-content\/uploads\/PRISMA_Informovanie-a-komunikacia_web.pdf\"><img loading=\"lazy\" decoding=\"async\" width=\"2560\" height=\"1811\" src=\"https:\/\/prisma-e.com\/wp-content\/uploads\/PRISMA_Informovanie-a-komunikacia_web-min-scaled.jpg\" alt=\"\" class=\"wp-image-813\" srcset=\"https:\/\/prisma-e.com\/wp-content\/uploads\/PRISMA_Informovanie-a-komunikacia_web-min-scaled.jpg 2560w, https:\/\/prisma-e.com\/wp-content\/uploads\/PRISMA_Informovanie-a-komunikacia_web-min-300x212.jpg 300w, https:\/\/prisma-e.com\/wp-content\/uploads\/PRISMA_Informovanie-a-komunikacia_web-min-1024x724.jpg 1024w, https:\/\/prisma-e.com\/wp-content\/uploads\/PRISMA_Informovanie-a-komunikacia_web-min-768x543.jpg 768w, https:\/\/prisma-e.com\/wp-content\/uploads\/PRISMA_Informovanie-a-komunikacia_web-min-1536x1086.jpg 1536w, https:\/\/prisma-e.com\/wp-content\/uploads\/PRISMA_Informovanie-a-komunikacia_web-min-2048x1448.jpg 2048w, https:\/\/prisma-e.com\/wp-content\/uploads\/PRISMA_Informovanie-a-komunikacia_web-min-2000x1415.jpg 2000w\" sizes=\"(max-width: 2560px) 100vw, 2560px\" \/><\/a><\/figure>\n","protected":false},"excerpt":{"rendered":"","protected":false},"author":1,"featured_media":0,"parent":0,"menu_order":0,"comment_status":"closed","ping_status":"closed","template":"","meta":{"footnotes":""},"yoast_head":"<!-- This site is optimized with the Yoast SEO plugin v22.9 - https:\/\/yoast.com\/wordpress\/plugins\/seo\/ -->\n<title>L\u00e1ser de fibra de 6kw de \u00faltima generaci\u00f3n - Prisma Engineering<\/title>\n<meta name=\"robots\" content=\"index, follow, max-snippet:-1, max-image-preview:large, max-video-preview:-1\" \/>\n<link rel=\"canonical\" href=\"https:\/\/prisma-e.com\/es\/laser-de-fibra-de-6kw-de-ultima-generacion\/\" \/>\n<meta property=\"og:locale\" content=\"es_ES\" \/>\n<meta property=\"og:type\" content=\"article\" \/>\n<meta property=\"og:title\" content=\"L\u00e1ser de fibra de 6kw de \u00faltima generaci\u00f3n - Prisma Engineering\" \/>\n<meta property=\"og:url\" content=\"https:\/\/prisma-e.com\/es\/laser-de-fibra-de-6kw-de-ultima-generacion\/\" \/>\n<meta property=\"og:site_name\" content=\"Prisma Engineering\" \/>\n<meta property=\"article:modified_time\" content=\"2024-06-19T10:43:51+00:00\" \/>\n<meta property=\"og:image\" content=\"https:\/\/prisma-e.com\/wp-content\/uploads\/PRISMA_Informovanie-a-komunikacia_web-min-scaled.jpg\" \/>\n<meta name=\"twitter:card\" content=\"summary_large_image\" \/>\n<meta name=\"twitter:label1\" content=\"Tiempo de lectura\" \/>\n\t<meta name=\"twitter:data1\" content=\"2 minutos\" \/>\n<script type=\"application\/ld+json\" class=\"yoast-schema-graph\">{\"@context\":\"https:\/\/schema.org\",\"@graph\":[{\"@type\":\"WebPage\",\"@id\":\"https:\/\/prisma-e.com\/es\/laser-de-fibra-de-6kw-de-ultima-generacion\/\",\"url\":\"https:\/\/prisma-e.com\/es\/laser-de-fibra-de-6kw-de-ultima-generacion\/\",\"name\":\"L\u00e1ser de fibra de 6kw de \u00faltima generaci\u00f3n - Prisma Engineering\",\"isPartOf\":{\"@id\":\"\/#website\"},\"primaryImageOfPage\":{\"@id\":\"https:\/\/prisma-e.com\/es\/laser-de-fibra-de-6kw-de-ultima-generacion\/#primaryimage\"},\"image\":{\"@id\":\"https:\/\/prisma-e.com\/es\/laser-de-fibra-de-6kw-de-ultima-generacion\/#primaryimage\"},\"thumbnailUrl\":\"https:\/\/prisma-e.com\/wp-content\/uploads\/PRISMA_Informovanie-a-komunikacia_web-min-scaled.jpg\",\"datePublished\":\"2023-04-04T18:39:29+00:00\",\"dateModified\":\"2024-06-19T10:43:51+00:00\",\"inLanguage\":\"es\",\"potentialAction\":[{\"@type\":\"ReadAction\",\"target\":[\"https:\/\/prisma-e.com\/es\/laser-de-fibra-de-6kw-de-ultima-generacion\/\"]}]},{\"@type\":\"ImageObject\",\"inLanguage\":\"es\",\"@id\":\"https:\/\/prisma-e.com\/es\/laser-de-fibra-de-6kw-de-ultima-generacion\/#primaryimage\",\"url\":\"https:\/\/prisma-e.com\/wp-content\/uploads\/PRISMA_Informovanie-a-komunikacia_web-min-scaled.jpg\",\"contentUrl\":\"https:\/\/prisma-e.com\/wp-content\/uploads\/PRISMA_Informovanie-a-komunikacia_web-min-scaled.jpg\"},{\"@type\":\"WebSite\",\"@id\":\"\/#website\",\"url\":\"\/\",\"name\":\"Prisma Engineering\",\"description\":\"Automotive Containers\",\"potentialAction\":[{\"@type\":\"SearchAction\",\"target\":{\"@type\":\"EntryPoint\",\"urlTemplate\":\"\/?s={search_term_string}\"},\"query-input\":\"required name=search_term_string\"}],\"inLanguage\":\"es\"}]}<\/script>\n<!-- \/ Yoast SEO plugin. -->","yoast_head_json":{"title":"L\u00e1ser de fibra de 6kw de \u00faltima generaci\u00f3n - Prisma Engineering","robots":{"index":"index","follow":"follow","max-snippet":"max-snippet:-1","max-image-preview":"max-image-preview:large","max-video-preview":"max-video-preview:-1"},"canonical":"https:\/\/prisma-e.com\/es\/laser-de-fibra-de-6kw-de-ultima-generacion\/","og_locale":"es_ES","og_type":"article","og_title":"L\u00e1ser de fibra de 6kw de \u00faltima generaci\u00f3n - Prisma Engineering","og_url":"https:\/\/prisma-e.com\/es\/laser-de-fibra-de-6kw-de-ultima-generacion\/","og_site_name":"Prisma Engineering","article_modified_time":"2024-06-19T10:43:51+00:00","og_image":[{"url":"https:\/\/prisma-e.com\/wp-content\/uploads\/PRISMA_Informovanie-a-komunikacia_web-min-scaled.jpg"}],"twitter_card":"summary_large_image","twitter_misc":{"Tiempo de lectura":"2 minutos"},"schema":{"@context":"https:\/\/schema.org","@graph":[{"@type":"WebPage","@id":"https:\/\/prisma-e.com\/es\/laser-de-fibra-de-6kw-de-ultima-generacion\/","url":"https:\/\/prisma-e.com\/es\/laser-de-fibra-de-6kw-de-ultima-generacion\/","name":"L\u00e1ser de fibra de 6kw de \u00faltima generaci\u00f3n - Prisma Engineering","isPartOf":{"@id":"\/#website"},"primaryImageOfPage":{"@id":"https:\/\/prisma-e.com\/es\/laser-de-fibra-de-6kw-de-ultima-generacion\/#primaryimage"},"image":{"@id":"https:\/\/prisma-e.com\/es\/laser-de-fibra-de-6kw-de-ultima-generacion\/#primaryimage"},"thumbnailUrl":"https:\/\/prisma-e.com\/wp-content\/uploads\/PRISMA_Informovanie-a-komunikacia_web-min-scaled.jpg","datePublished":"2023-04-04T18:39:29+00:00","dateModified":"2024-06-19T10:43:51+00:00","inLanguage":"es","potentialAction":[{"@type":"ReadAction","target":["https:\/\/prisma-e.com\/es\/laser-de-fibra-de-6kw-de-ultima-generacion\/"]}]},{"@type":"ImageObject","inLanguage":"es","@id":"https:\/\/prisma-e.com\/es\/laser-de-fibra-de-6kw-de-ultima-generacion\/#primaryimage","url":"https:\/\/prisma-e.com\/wp-content\/uploads\/PRISMA_Informovanie-a-komunikacia_web-min-scaled.jpg","contentUrl":"https:\/\/prisma-e.com\/wp-content\/uploads\/PRISMA_Informovanie-a-komunikacia_web-min-scaled.jpg"},{"@type":"WebSite","@id":"\/#website","url":"\/","name":"Prisma Engineering","description":"Automotive Containers","potentialAction":[{"@type":"SearchAction","target":{"@type":"EntryPoint","urlTemplate":"\/?s={search_term_string}"},"query-input":"required name=search_term_string"}],"inLanguage":"es"}]}},"_links":{"self":[{"href":"https:\/\/prisma-e.com\/es\/wp-json\/wp\/v2\/pages\/838"}],"collection":[{"href":"https:\/\/prisma-e.com\/es\/wp-json\/wp\/v2\/pages"}],"about":[{"href":"https:\/\/prisma-e.com\/es\/wp-json\/wp\/v2\/types\/page"}],"author":[{"embeddable":true,"href":"https:\/\/prisma-e.com\/es\/wp-json\/wp\/v2\/users\/1"}],"replies":[{"embeddable":true,"href":"https:\/\/prisma-e.com\/es\/wp-json\/wp\/v2\/comments?post=838"}],"version-history":[{"count":4,"href":"https:\/\/prisma-e.com\/es\/wp-json\/wp\/v2\/pages\/838\/revisions"}],"predecessor-version":[{"id":1228,"href":"https:\/\/prisma-e.com\/es\/wp-json\/wp\/v2\/pages\/838\/revisions\/1228"}],"wp:attachment":[{"href":"https:\/\/prisma-e.com\/es\/wp-json\/wp\/v2\/media?parent=838"}],"curies":[{"name":"wp","href":"https:\/\/api.w.org\/{rel}","templated":true}]}}