{"id":442,"date":"2020-02-11T22:20:11","date_gmt":"2020-02-11T21:20:11","guid":{"rendered":"http:\/\/prisma-e.com\/storia\/"},"modified":"2024-06-19T12:23:07","modified_gmt":"2024-06-19T10:23:07","slug":"historia","status":"publish","type":"page","link":"https:\/\/prisma-e.com\/es\/la-empresa\/historia\/","title":{"rendered":"Historia"},"content":{"rendered":"\n<p>Fundada en 2017, Prisma Engineering S.r.o trabaja en el sector Automotriz en el campo del embalaje espec\u00edfico y est\u00e1ndar<\/p>\n\n\n\n<p>Nuestra experiencia nace para almacenar y transportar cada pieza de un autom\u00f3vil considerando que para componer un autom\u00f3vil hacen falta cerca de 22.000 piezas.<\/p>\n\n\n\n<p>La planta de producci\u00f3n tiene una superficie de 7.000 m\u00b2 con un \u00e1rea cubierta de 2.500 m\u00b2.<\/p>\n\n\n\n<div style=\"height:30px\" aria-hidden=\"true\" class=\"wp-block-spacer\"><\/div>\n\n\n\n<p>La experiencia de 20 a\u00f1os de los socios en este sector, nos lleva a la fabricaci\u00f3n de contenedores, carros y estructuras industriales para diversas aplicaciones, &nbsp;resolviendo las m\u00e1s complejas problem\u00e1ticas relacionadas con el movimiento y estocaje adyacentes a las l\u00edneas de producci\u00f3n.<\/p>\n\n\n\n<p>Nuestro departamento t\u00e9cnico estudia las diversas soluciones requeridas por los clientes, respetando las normas de seguridad en el trabajo, ergonom\u00eda, calidad.<\/p>\n\n\n\n<div style=\"height:30px\" aria-hidden=\"true\" class=\"wp-block-spacer\"><\/div>\n\n\n\n<p>El nuestro desaf\u00edo es el de utilizar materiales que respeten siempre las m\u00e1s serveras normas medioambientales<\/p>\n\n\n\n<p>El estudio que viene hecho a diario considera las mejores soluciones para el espacio, el estocaje y el transporte<\/p>\n\n\n\n<p>La empresa est\u00e1 certificada desde el 2018 con la ISO 9001:2015<\/p>\n\n\n\n<p>Nuestra empresa realiza pintura a polvo, habiendo instalado en 2018 una inmstalaci\u00f3n de \u00faltima generaci\u00f3n con horno de cocci\u00f3n est\u00e1tico por polimeraci\u00f3n del polvo. Podemos sostener estructuras de dimensiones \u00fatiles de utilizaci\u00f3n&nbsp; de 2.700 x 6000x H 2.900mm.<\/p>\n\n\n\n<div style=\"height:30px\" aria-hidden=\"true\" class=\"wp-block-spacer\"><\/div>\n\n\n\n<p>En el a\u00f1o 2022 se instal\u00f3 un sistema l\u00e1ser de fibra de 6kw de \u00faltima generaci\u00f3n que nos permite un mayor ahorro y m\u00e1s competitividad en el mercado.<\/p>\n\n\n\n<p>El objetivo de nuestro equipo es el establecerse cada vez m\u00e1s entre los principales competidores europeos, afianz\u00e1ndonos a\u00f1o tras a\u00f1o.<\/p>\n\n\n\n<div style=\"height:30px\" aria-hidden=\"true\" class=\"wp-block-spacer\"><\/div>\n","protected":false},"excerpt":{"rendered":"<p>Fundada en 2017, Prisma Engineering S.r.o trabaja en el sector Automotriz en el campo del embalaje espec\u00edfico y est\u00e1ndar Nuestra experiencia nace para almacenar y transportar cada pieza de un autom\u00f3vil considerando que para componer un autom\u00f3vil hacen falta cerca de 22.000 piezas. La planta de producci\u00f3n tiene una superficie de 7.000 m\u00b2 con un [&hellip;]<\/p>\n","protected":false},"author":1,"featured_media":207,"parent":446,"menu_order":0,"comment_status":"closed","ping_status":"closed","template":"","meta":{"footnotes":""},"yoast_head":"<!-- This site is optimized with the Yoast SEO plugin v22.9 - https:\/\/yoast.com\/wordpress\/plugins\/seo\/ -->\n<title>Historia - Prisma Engineering<\/title>\n<meta name=\"robots\" content=\"index, follow, max-snippet:-1, max-image-preview:large, max-video-preview:-1\" \/>\n<link rel=\"canonical\" href=\"https:\/\/prisma-e.com\/es\/la-empresa\/historia\/\" \/>\n<meta property=\"og:locale\" content=\"es_ES\" \/>\n<meta property=\"og:type\" content=\"article\" \/>\n<meta property=\"og:title\" content=\"Historia - Prisma Engineering\" \/>\n<meta property=\"og:description\" content=\"Fundada en 2017, Prisma Engineering S.r.o trabaja en el sector Automotriz en el campo del embalaje espec\u00edfico y est\u00e1ndar Nuestra experiencia nace para almacenar y transportar cada pieza de un autom\u00f3vil considerando que para componer un autom\u00f3vil hacen falta cerca de 22.000 piezas. La planta de producci\u00f3n tiene una superficie de 7.000 m\u00b2 con un [&hellip;]\" \/>\n<meta property=\"og:url\" content=\"https:\/\/prisma-e.com\/es\/la-empresa\/historia\/\" \/>\n<meta property=\"og:site_name\" content=\"Prisma Engineering\" \/>\n<meta property=\"article:modified_time\" content=\"2024-06-19T10:23:07+00:00\" \/>\n<meta property=\"og:image\" content=\"https:\/\/prisma-e.com\/wp-content\/uploads\/BG_IMG_0009-scaled.jpg\" \/>\n\t<meta property=\"og:image:width\" content=\"2560\" \/>\n\t<meta property=\"og:image:height\" content=\"1920\" \/>\n\t<meta property=\"og:image:type\" content=\"image\/jpeg\" \/>\n<meta name=\"twitter:card\" content=\"summary_large_image\" \/>\n<meta name=\"twitter:label1\" content=\"Tiempo de lectura\" \/>\n\t<meta name=\"twitter:data1\" content=\"2 minutos\" \/>\n<script type=\"application\/ld+json\" class=\"yoast-schema-graph\">{\"@context\":\"https:\/\/schema.org\",\"@graph\":[{\"@type\":\"WebPage\",\"@id\":\"https:\/\/prisma-e.com\/es\/la-empresa\/historia\/\",\"url\":\"https:\/\/prisma-e.com\/es\/la-empresa\/historia\/\",\"name\":\"Historia - Prisma Engineering\",\"isPartOf\":{\"@id\":\"\/#website\"},\"primaryImageOfPage\":{\"@id\":\"https:\/\/prisma-e.com\/es\/la-empresa\/historia\/#primaryimage\"},\"image\":{\"@id\":\"https:\/\/prisma-e.com\/es\/la-empresa\/historia\/#primaryimage\"},\"thumbnailUrl\":\"https:\/\/prisma-e.com\/wp-content\/uploads\/BG_IMG_0009-scaled.jpg\",\"datePublished\":\"2020-02-11T21:20:11+00:00\",\"dateModified\":\"2024-06-19T10:23:07+00:00\",\"breadcrumb\":{\"@id\":\"https:\/\/prisma-e.com\/es\/la-empresa\/historia\/#breadcrumb\"},\"inLanguage\":\"es\",\"potentialAction\":[{\"@type\":\"ReadAction\",\"target\":[\"https:\/\/prisma-e.com\/es\/la-empresa\/historia\/\"]}]},{\"@type\":\"ImageObject\",\"inLanguage\":\"es\",\"@id\":\"https:\/\/prisma-e.com\/es\/la-empresa\/historia\/#primaryimage\",\"url\":\"https:\/\/prisma-e.com\/wp-content\/uploads\/BG_IMG_0009-scaled.jpg\",\"contentUrl\":\"https:\/\/prisma-e.com\/wp-content\/uploads\/BG_IMG_0009-scaled.jpg\",\"width\":2560,\"height\":1920},{\"@type\":\"BreadcrumbList\",\"@id\":\"https:\/\/prisma-e.com\/es\/la-empresa\/historia\/#breadcrumb\",\"itemListElement\":[{\"@type\":\"ListItem\",\"position\":1,\"name\":\"Home\",\"item\":\"https:\/\/prisma-e.com\/es\/la-empresa\/\"},{\"@type\":\"ListItem\",\"position\":2,\"name\":\"Historia\"}]},{\"@type\":\"WebSite\",\"@id\":\"\/#website\",\"url\":\"\/\",\"name\":\"Prisma Engineering\",\"description\":\"Automotive Containers\",\"potentialAction\":[{\"@type\":\"SearchAction\",\"target\":{\"@type\":\"EntryPoint\",\"urlTemplate\":\"\/?s={search_term_string}\"},\"query-input\":\"required name=search_term_string\"}],\"inLanguage\":\"es\"}]}<\/script>\n<!-- \/ Yoast SEO plugin. -->","yoast_head_json":{"title":"Historia - Prisma Engineering","robots":{"index":"index","follow":"follow","max-snippet":"max-snippet:-1","max-image-preview":"max-image-preview:large","max-video-preview":"max-video-preview:-1"},"canonical":"https:\/\/prisma-e.com\/es\/la-empresa\/historia\/","og_locale":"es_ES","og_type":"article","og_title":"Historia - Prisma Engineering","og_description":"Fundada en 2017, Prisma Engineering S.r.o trabaja en el sector Automotriz en el campo del embalaje espec\u00edfico y est\u00e1ndar Nuestra experiencia nace para almacenar y transportar cada pieza de un autom\u00f3vil considerando que para componer un autom\u00f3vil hacen falta cerca de 22.000 piezas. La planta de producci\u00f3n tiene una superficie de 7.000 m\u00b2 con un [&hellip;]","og_url":"https:\/\/prisma-e.com\/es\/la-empresa\/historia\/","og_site_name":"Prisma Engineering","article_modified_time":"2024-06-19T10:23:07+00:00","og_image":[{"width":2560,"height":1920,"url":"https:\/\/prisma-e.com\/wp-content\/uploads\/BG_IMG_0009-scaled.jpg","type":"image\/jpeg"}],"twitter_card":"summary_large_image","twitter_misc":{"Tiempo de lectura":"2 minutos"},"schema":{"@context":"https:\/\/schema.org","@graph":[{"@type":"WebPage","@id":"https:\/\/prisma-e.com\/es\/la-empresa\/historia\/","url":"https:\/\/prisma-e.com\/es\/la-empresa\/historia\/","name":"Historia - Prisma Engineering","isPartOf":{"@id":"\/#website"},"primaryImageOfPage":{"@id":"https:\/\/prisma-e.com\/es\/la-empresa\/historia\/#primaryimage"},"image":{"@id":"https:\/\/prisma-e.com\/es\/la-empresa\/historia\/#primaryimage"},"thumbnailUrl":"https:\/\/prisma-e.com\/wp-content\/uploads\/BG_IMG_0009-scaled.jpg","datePublished":"2020-02-11T21:20:11+00:00","dateModified":"2024-06-19T10:23:07+00:00","breadcrumb":{"@id":"https:\/\/prisma-e.com\/es\/la-empresa\/historia\/#breadcrumb"},"inLanguage":"es","potentialAction":[{"@type":"ReadAction","target":["https:\/\/prisma-e.com\/es\/la-empresa\/historia\/"]}]},{"@type":"ImageObject","inLanguage":"es","@id":"https:\/\/prisma-e.com\/es\/la-empresa\/historia\/#primaryimage","url":"https:\/\/prisma-e.com\/wp-content\/uploads\/BG_IMG_0009-scaled.jpg","contentUrl":"https:\/\/prisma-e.com\/wp-content\/uploads\/BG_IMG_0009-scaled.jpg","width":2560,"height":1920},{"@type":"BreadcrumbList","@id":"https:\/\/prisma-e.com\/es\/la-empresa\/historia\/#breadcrumb","itemListElement":[{"@type":"ListItem","position":1,"name":"Home","item":"https:\/\/prisma-e.com\/es\/la-empresa\/"},{"@type":"ListItem","position":2,"name":"Historia"}]},{"@type":"WebSite","@id":"\/#website","url":"\/","name":"Prisma Engineering","description":"Automotive Containers","potentialAction":[{"@type":"SearchAction","target":{"@type":"EntryPoint","urlTemplate":"\/?s={search_term_string}"},"query-input":"required name=search_term_string"}],"inLanguage":"es"}]}},"_links":{"self":[{"href":"https:\/\/prisma-e.com\/es\/wp-json\/wp\/v2\/pages\/442"}],"collection":[{"href":"https:\/\/prisma-e.com\/es\/wp-json\/wp\/v2\/pages"}],"about":[{"href":"https:\/\/prisma-e.com\/es\/wp-json\/wp\/v2\/types\/page"}],"author":[{"embeddable":true,"href":"https:\/\/prisma-e.com\/es\/wp-json\/wp\/v2\/users\/1"}],"replies":[{"embeddable":true,"href":"https:\/\/prisma-e.com\/es\/wp-json\/wp\/v2\/comments?post=442"}],"version-history":[{"count":4,"href":"https:\/\/prisma-e.com\/es\/wp-json\/wp\/v2\/pages\/442\/revisions"}],"predecessor-version":[{"id":1179,"href":"https:\/\/prisma-e.com\/es\/wp-json\/wp\/v2\/pages\/442\/revisions\/1179"}],"up":[{"embeddable":true,"href":"https:\/\/prisma-e.com\/es\/wp-json\/wp\/v2\/pages\/446"}],"wp:featuredmedia":[{"embeddable":true,"href":"https:\/\/prisma-e.com\/es\/wp-json\/wp\/v2\/media\/207"}],"wp:attachment":[{"href":"https:\/\/prisma-e.com\/es\/wp-json\/wp\/v2\/media?parent=442"}],"curies":[{"name":"wp","href":"https:\/\/api.w.org\/{rel}","templated":true}]}}