{"id":441,"date":"2020-02-11T22:20:11","date_gmt":"2020-02-11T21:20:11","guid":{"rendered":"http:\/\/prisma-e.com\/storia\/"},"modified":"2024-06-19T11:47:31","modified_gmt":"2024-06-19T09:47:31","slug":"geschichte","status":"publish","type":"page","link":"https:\/\/prisma-e.com\/de\/das-unternehmen\/geschichte\/","title":{"rendered":"Geschichte"},"content":{"rendered":"\n<p>Prisma Engineering Sro wurde 2017 gegr\u00fcndet und ist im Automobilsektor im Bereich spezifischer und Standardverpackungen t\u00e4tig.<\/p>\n\n\n\n<p>Unsere Erfahrung besteht darin, jedes einzelne Teil eines Autos aufzunehmen und zu transportieren, wenn man bedenkt, dass f\u00fcr die Herstellung eines Autos etwa 22.000 Teile ben\u00f6tigt werden.<\/p>\n\n\n\n<p>Der Produktionsstandort umfasst eine Fl\u00e4che von 7.000 m2 mit einer \u00fcberdachten Fl\u00e4che von 2.500 m2.<\/p>\n\n\n\n<div style=\"height:30px\" aria-hidden=\"true\" class=\"wp-block-spacer\"><\/div>\n\n\n\n<p>Die zwanzigj\u00e4hrige Erfahrung der Partner in diesem Bereich f\u00fchrt zur Herstellung von Industriebeh\u00e4ltern\/-wagen f\u00fcr verschiedene Anwendungen und l\u00f6st die komplexesten Anforderungen im Zusammenhang mit dem Transport von Automobilkomponenten und der Lagerung neben den Produktionslinien.<\/p>\n\n\n\n<p>Unser Konstruktionsb\u00fcro untersucht verschiedene von Kunden gew\u00fcnschte L\u00f6sungen unter Ber\u00fccksichtigung der Einhaltung von Arbeitssicherheits-, Ergonomie- und Qualit\u00e4tsstandards.<\/p>\n\n\n\n<div style=\"height:30px\" aria-hidden=\"true\" class=\"wp-block-spacer\"><\/div>\n\n\n\n<p>Unsere Herausforderung besteht darin, Materialien zu verwenden, die zunehmend strengen Umweltstandards entsprechen.<\/p>\n\n\n\n<p>Die t\u00e4glich durchgef\u00fchrte Studie ber\u00fccksichtigt die besten L\u00f6sungen f\u00fcr Raum, Lagerung und Transport.<\/p>\n\n\n\n<p>Seit 2018 ist das Unternehmen nach ISO 9001:2015 zertifiziert.<\/p>\n\n\n\n<p>Unser Unternehmen produziert Pulverbeschichtungen und hat 2018 ein System der neuesten Generation mit<br>einem statischen Einbrennofen f\u00fcr die Pulverpolymerisation installiert. Wir k\u00f6nnen Strukturen mit Nutzma\u00dfen von 2.700 x 6.000 x H 2.900 mm aufnehmen.<\/p>\n\n\n\n<div style=\"height:30px\" aria-hidden=\"true\" class=\"wp-block-spacer\"><\/div>\n\n\n\n<p>Im Jahr 2022 wurde ein 6-kW-Faserlasersystem der neuesten Generation installiert, das uns gr\u00f6\u00dfere Einsparungen und mehr Wettbewerbsf\u00e4higkeit auf dem Markt erm\u00f6glicht.<\/p>\n\n\n\n<p>Das Ziel unseres Teams ist es, sich Jahr f\u00fcr Jahr zunehmend unter den gro\u00dfen europ\u00e4ischen Wettbewerbern zu etablieren.<\/p>\n\n\n\n<div style=\"height:30px\" aria-hidden=\"true\" class=\"wp-block-spacer\"><\/div>\n","protected":false},"excerpt":{"rendered":"<p>Prisma Engineering Sro wurde 2017 gegr\u00fcndet und ist im Automobilsektor im Bereich spezifischer und Standardverpackungen t\u00e4tig. Unsere Erfahrung besteht darin, jedes einzelne Teil eines Autos aufzunehmen und zu transportieren, wenn man bedenkt, dass f\u00fcr die Herstellung eines Autos etwa 22.000 Teile ben\u00f6tigt werden. Der Produktionsstandort umfasst eine Fl\u00e4che von 7.000 m2 mit einer \u00fcberdachten Fl\u00e4che [&hellip;]<\/p>\n","protected":false},"author":1,"featured_media":205,"parent":445,"menu_order":0,"comment_status":"closed","ping_status":"closed","template":"","meta":{"footnotes":""},"yoast_head":"<!-- This site is optimized with the Yoast SEO plugin v22.9 - https:\/\/yoast.com\/wordpress\/plugins\/seo\/ -->\n<title>Geschichte - Prisma Engineering<\/title>\n<meta name=\"robots\" content=\"index, follow, max-snippet:-1, max-image-preview:large, max-video-preview:-1\" \/>\n<link rel=\"canonical\" href=\"https:\/\/prisma-e.com\/de\/das-unternehmen\/geschichte\/\" \/>\n<meta property=\"og:locale\" content=\"de_DE\" \/>\n<meta property=\"og:type\" content=\"article\" \/>\n<meta property=\"og:title\" content=\"Geschichte - Prisma Engineering\" \/>\n<meta property=\"og:description\" content=\"Prisma Engineering Sro wurde 2017 gegr\u00fcndet und ist im Automobilsektor im Bereich spezifischer und Standardverpackungen t\u00e4tig. Unsere Erfahrung besteht darin, jedes einzelne Teil eines Autos aufzunehmen und zu transportieren, wenn man bedenkt, dass f\u00fcr die Herstellung eines Autos etwa 22.000 Teile ben\u00f6tigt werden. Der Produktionsstandort umfasst eine Fl\u00e4che von 7.000 m2 mit einer \u00fcberdachten Fl\u00e4che [&hellip;]\" \/>\n<meta property=\"og:url\" content=\"https:\/\/prisma-e.com\/de\/das-unternehmen\/geschichte\/\" \/>\n<meta property=\"og:site_name\" content=\"Prisma Engineering\" \/>\n<meta property=\"article:modified_time\" content=\"2024-06-19T09:47:31+00:00\" \/>\n<meta property=\"og:image\" content=\"https:\/\/prisma-e.com\/wp-content\/uploads\/BG_IMG_0009-scaled.jpg\" \/>\n\t<meta property=\"og:image:width\" content=\"2560\" \/>\n\t<meta property=\"og:image:height\" content=\"1920\" \/>\n\t<meta property=\"og:image:type\" content=\"image\/jpeg\" \/>\n<meta name=\"twitter:card\" content=\"summary_large_image\" \/>\n<meta name=\"twitter:label1\" content=\"Gesch\u00e4tzte Lesezeit\" \/>\n\t<meta name=\"twitter:data1\" content=\"2 Minuten\" \/>\n<script type=\"application\/ld+json\" class=\"yoast-schema-graph\">{\"@context\":\"https:\/\/schema.org\",\"@graph\":[{\"@type\":\"WebPage\",\"@id\":\"https:\/\/prisma-e.com\/de\/das-unternehmen\/geschichte\/\",\"url\":\"https:\/\/prisma-e.com\/de\/das-unternehmen\/geschichte\/\",\"name\":\"Geschichte - Prisma Engineering\",\"isPartOf\":{\"@id\":\"\/#website\"},\"primaryImageOfPage\":{\"@id\":\"https:\/\/prisma-e.com\/de\/das-unternehmen\/geschichte\/#primaryimage\"},\"image\":{\"@id\":\"https:\/\/prisma-e.com\/de\/das-unternehmen\/geschichte\/#primaryimage\"},\"thumbnailUrl\":\"https:\/\/prisma-e.com\/wp-content\/uploads\/BG_IMG_0009-scaled.jpg\",\"datePublished\":\"2020-02-11T21:20:11+00:00\",\"dateModified\":\"2024-06-19T09:47:31+00:00\",\"breadcrumb\":{\"@id\":\"https:\/\/prisma-e.com\/de\/das-unternehmen\/geschichte\/#breadcrumb\"},\"inLanguage\":\"de-DE\",\"potentialAction\":[{\"@type\":\"ReadAction\",\"target\":[\"https:\/\/prisma-e.com\/de\/das-unternehmen\/geschichte\/\"]}]},{\"@type\":\"ImageObject\",\"inLanguage\":\"de-DE\",\"@id\":\"https:\/\/prisma-e.com\/de\/das-unternehmen\/geschichte\/#primaryimage\",\"url\":\"https:\/\/prisma-e.com\/wp-content\/uploads\/BG_IMG_0009-scaled.jpg\",\"contentUrl\":\"https:\/\/prisma-e.com\/wp-content\/uploads\/BG_IMG_0009-scaled.jpg\",\"width\":2560,\"height\":1920},{\"@type\":\"BreadcrumbList\",\"@id\":\"https:\/\/prisma-e.com\/de\/das-unternehmen\/geschichte\/#breadcrumb\",\"itemListElement\":[{\"@type\":\"ListItem\",\"position\":1,\"name\":\"Home\",\"item\":\"https:\/\/prisma-e.com\/de\/das-unternehmen\/\"},{\"@type\":\"ListItem\",\"position\":2,\"name\":\"Geschichte\"}]},{\"@type\":\"WebSite\",\"@id\":\"\/#website\",\"url\":\"\/\",\"name\":\"Prisma Engineering\",\"description\":\"Automotive Containers\",\"potentialAction\":[{\"@type\":\"SearchAction\",\"target\":{\"@type\":\"EntryPoint\",\"urlTemplate\":\"\/?s={search_term_string}\"},\"query-input\":\"required name=search_term_string\"}],\"inLanguage\":\"de-DE\"}]}<\/script>\n<!-- \/ Yoast SEO plugin. -->","yoast_head_json":{"title":"Geschichte - Prisma Engineering","robots":{"index":"index","follow":"follow","max-snippet":"max-snippet:-1","max-image-preview":"max-image-preview:large","max-video-preview":"max-video-preview:-1"},"canonical":"https:\/\/prisma-e.com\/de\/das-unternehmen\/geschichte\/","og_locale":"de_DE","og_type":"article","og_title":"Geschichte - Prisma Engineering","og_description":"Prisma Engineering Sro wurde 2017 gegr\u00fcndet und ist im Automobilsektor im Bereich spezifischer und Standardverpackungen t\u00e4tig. Unsere Erfahrung besteht darin, jedes einzelne Teil eines Autos aufzunehmen und zu transportieren, wenn man bedenkt, dass f\u00fcr die Herstellung eines Autos etwa 22.000 Teile ben\u00f6tigt werden. Der Produktionsstandort umfasst eine Fl\u00e4che von 7.000 m2 mit einer \u00fcberdachten Fl\u00e4che [&hellip;]","og_url":"https:\/\/prisma-e.com\/de\/das-unternehmen\/geschichte\/","og_site_name":"Prisma Engineering","article_modified_time":"2024-06-19T09:47:31+00:00","og_image":[{"width":2560,"height":1920,"url":"https:\/\/prisma-e.com\/wp-content\/uploads\/BG_IMG_0009-scaled.jpg","type":"image\/jpeg"}],"twitter_card":"summary_large_image","twitter_misc":{"Gesch\u00e4tzte Lesezeit":"2 Minuten"},"schema":{"@context":"https:\/\/schema.org","@graph":[{"@type":"WebPage","@id":"https:\/\/prisma-e.com\/de\/das-unternehmen\/geschichte\/","url":"https:\/\/prisma-e.com\/de\/das-unternehmen\/geschichte\/","name":"Geschichte - Prisma Engineering","isPartOf":{"@id":"\/#website"},"primaryImageOfPage":{"@id":"https:\/\/prisma-e.com\/de\/das-unternehmen\/geschichte\/#primaryimage"},"image":{"@id":"https:\/\/prisma-e.com\/de\/das-unternehmen\/geschichte\/#primaryimage"},"thumbnailUrl":"https:\/\/prisma-e.com\/wp-content\/uploads\/BG_IMG_0009-scaled.jpg","datePublished":"2020-02-11T21:20:11+00:00","dateModified":"2024-06-19T09:47:31+00:00","breadcrumb":{"@id":"https:\/\/prisma-e.com\/de\/das-unternehmen\/geschichte\/#breadcrumb"},"inLanguage":"de-DE","potentialAction":[{"@type":"ReadAction","target":["https:\/\/prisma-e.com\/de\/das-unternehmen\/geschichte\/"]}]},{"@type":"ImageObject","inLanguage":"de-DE","@id":"https:\/\/prisma-e.com\/de\/das-unternehmen\/geschichte\/#primaryimage","url":"https:\/\/prisma-e.com\/wp-content\/uploads\/BG_IMG_0009-scaled.jpg","contentUrl":"https:\/\/prisma-e.com\/wp-content\/uploads\/BG_IMG_0009-scaled.jpg","width":2560,"height":1920},{"@type":"BreadcrumbList","@id":"https:\/\/prisma-e.com\/de\/das-unternehmen\/geschichte\/#breadcrumb","itemListElement":[{"@type":"ListItem","position":1,"name":"Home","item":"https:\/\/prisma-e.com\/de\/das-unternehmen\/"},{"@type":"ListItem","position":2,"name":"Geschichte"}]},{"@type":"WebSite","@id":"\/#website","url":"\/","name":"Prisma Engineering","description":"Automotive Containers","potentialAction":[{"@type":"SearchAction","target":{"@type":"EntryPoint","urlTemplate":"\/?s={search_term_string}"},"query-input":"required name=search_term_string"}],"inLanguage":"de-DE"}]}},"_links":{"self":[{"href":"https:\/\/prisma-e.com\/de\/wp-json\/wp\/v2\/pages\/441"}],"collection":[{"href":"https:\/\/prisma-e.com\/de\/wp-json\/wp\/v2\/pages"}],"about":[{"href":"https:\/\/prisma-e.com\/de\/wp-json\/wp\/v2\/types\/page"}],"author":[{"embeddable":true,"href":"https:\/\/prisma-e.com\/de\/wp-json\/wp\/v2\/users\/1"}],"replies":[{"embeddable":true,"href":"https:\/\/prisma-e.com\/de\/wp-json\/wp\/v2\/comments?post=441"}],"version-history":[{"count":5,"href":"https:\/\/prisma-e.com\/de\/wp-json\/wp\/v2\/pages\/441\/revisions"}],"predecessor-version":[{"id":1175,"href":"https:\/\/prisma-e.com\/de\/wp-json\/wp\/v2\/pages\/441\/revisions\/1175"}],"up":[{"embeddable":true,"href":"https:\/\/prisma-e.com\/de\/wp-json\/wp\/v2\/pages\/445"}],"wp:featuredmedia":[{"embeddable":true,"href":"https:\/\/prisma-e.com\/de\/wp-json\/wp\/v2\/media\/205"}],"wp:attachment":[{"href":"https:\/\/prisma-e.com\/de\/wp-json\/wp\/v2\/media?parent=441"}],"curies":[{"name":"wp","href":"https:\/\/api.w.org\/{rel}","templated":true}]}}